{"id":238,"date":"2024-03-08T15:22:53","date_gmt":"2024-03-08T14:22:53","guid":{"rendered":"https:\/\/www.learning-s-cool.com\/inici\/"},"modified":"2024-04-26T10:31:47","modified_gmt":"2024-04-26T08:31:47","slug":"inici","status":"publish","type":"page","link":"https:\/\/www.learning-s-cool.com\/ca\/","title":{"rendered":"Inici"},"content":{"rendered":"\r\n\t\t<div data-aos-duration=\"1500\" data-aos=\"zoom-in\"  class=\"block-adc4dbf9-2ab4-450e-9a46-91c2eee8e402 areoi-element\">\r\n\t\t\t\r\n\t\t\t\n\r\n\t\t<div \r\n\t\t\t\r\n\t\t\tclass=\"block-21fa2954-ca77-4e36-aef3-de8cfb942dcb carousel slide banner\"\r\n\t\t\tdata-bs-ride=\"carousel\"\r\n\t\t\tdata-bs-touch=\"true\"\r\n\t\t\tdata-bs-pause=\"hover\" \r\n\t\t\tdata-bs-interval=\"5000\"\r\n\t\t>\r\n\t\t\t\r\n\t\t\t<button class=\"carousel-control-prev\" type=\"button\" data-bs-target=\".block-21fa2954-ca77-4e36-aef3-de8cfb942dcb\" data-bs-slide=\"prev\">\r\n\t\t\t\t<span class=\"carousel-control-prev-icon\" aria-hidden=\"true\"><\/span>\r\n\t\t\t\t<span class=\"visually-hidden\">Previous<\/span>\r\n\t\t\t<\/button>\r\n\t\t\t<button class=\"carousel-control-next\" type=\"button\" data-bs-target=\".block-21fa2954-ca77-4e36-aef3-de8cfb942dcb\" data-bs-slide=\"next\">\r\n\t\t\t\t<span class=\"carousel-control-next-icon\" aria-hidden=\"true\"><\/span>\r\n\t\t\t\t<span class=\"visually-hidden\">Next<\/span>\r\n\t\t\t<\/button>\r\n\t\t\r\n\t\t\t\r\n\t\t\t<div class=\"carousel-item active\">\r\n\t\t\t\n\r\n\t\t<div class=\"block-4c0c3666-636f-4c66-8cb4-fd573c4f8e76 areoi-strip areoi-element strip alignfull\">\r\n\t\t\t\r\n\t\t\t\n\n<figure class=\"wp-block-image size-full mask mb-0\"><img loading=\"lazy\" decoding=\"async\" width=\"1143\" height=\"750\" src=\"https:\/\/www.learning-s-cool.com\/wp-content\/uploads\/2024\/03\/Subtract.png\" alt=\"\" class=\"wp-image-84\" style=\"object-fit:cover\" srcset=\"https:\/\/www.learning-s-cool.com\/wp-content\/uploads\/2024\/03\/Subtract.png 1143w, https:\/\/www.learning-s-cool.com\/wp-content\/uploads\/2024\/03\/Subtract-300x197.png 300w, https:\/\/www.learning-s-cool.com\/wp-content\/uploads\/2024\/03\/Subtract-1024x672.png 1024w, https:\/\/www.learning-s-cool.com\/wp-content\/uploads\/2024\/03\/Subtract-768x504.png 768w\" sizes=\"auto, (max-width: 1143px) 100vw, 1143px\" \/><\/figure>\n\n\n\n<figure class=\"wp-block-image size-full mb-0 full-img\"><img loading=\"lazy\" decoding=\"async\" width=\"1142\" height=\"739\" src=\"https:\/\/www.learning-s-cool.com\/wp-content\/uploads\/2024\/03\/banner1.jpg\" alt=\"\" class=\"wp-image-83\" srcset=\"https:\/\/www.learning-s-cool.com\/wp-content\/uploads\/2024\/03\/banner1.jpg 1142w, https:\/\/www.learning-s-cool.com\/wp-content\/uploads\/2024\/03\/banner1-300x194.jpg 300w, https:\/\/www.learning-s-cool.com\/wp-content\/uploads\/2024\/03\/banner1-1024x663.jpg 1024w, https:\/\/www.learning-s-cool.com\/wp-content\/uploads\/2024\/03\/banner1-768x497.jpg 768w\" sizes=\"auto, (max-width: 1142px) 100vw, 1142px\" \/><\/figure>\n\n\n\r\n\t\t<div class=\"block-6d0e4784-697d-49f0-ab97-cb9fbbed069c areoi-element caption\">\r\n\t\t\t\r\n\t\t\t\n\r\n\t\t<div class=\"block-59b206e3-3b97-40c0-bfe4-d29dc0029d12 areoi-element\">\r\n\t\t\t\r\n\t\t\t\n\r\n\t\t<div class=\"block-06b33b09-0689-466f-ba47-139984083ff8 row areoi-element row-lg\">\r\n\t\t\t\r\n\r\n\t\t\t\n\r\n\t\t<div class=\"block-cca28f42-a961-4490-91ed-1ae246e1ba25 col areoi-element\">\r\n\t\t\t\r\n\t\t\t\n\n<h2 class=\"wp-block-heading title\">Tallers d&#8217;angl&egrave;s per a alumnes d&#8217;Educaci&oacute; Infantil i Prim&agrave;ria<\/h2>\n\n \r\n\t\t\t\r\n\t\t<\/div>\r\n\t\n\n\r\n\t\t<div class=\"block-7cb0bb90-f16a-4136-99f1-00422c9c7b28 col areoi-element order-last-lg col-auto\">\r\n\t\t\t\r\n\t\t\t\n\r\n\t\t<div class=\"block-dbf06e66-f615-4409-ba97-c878ae6ee95b areoi-element text-end mt-lg-0 mt-3\">\r\n\t\t\t\r\n\t\t\t\n\r\n\t\t\t\t\r\n\t\t<a class=\"block-ba8db1c9-75bc-4479-a844-4ecb57f51a65 btn areoi-has-url position-relative btn-blue btn-primary\" href=\"https:\/\/www.learning-s-cool.com\/ca\/kids\/\">\r\n\t\t\t\t\t\r\n\t\t\t\t\tM&Eacute;S INFO \r\n\t\t\t\t\t\r\n\t\t\t\t\t \r\n\t\t\t\t<\/a>\r\n\t\t\t\n\r\n\t\t\t \r\n\t\t<\/div>\r\n\t\n \r\n\t\t\t\r\n\t\t<\/div>\r\n\t\n\n\r\n\t\t<div class=\"block-3b66485e-ea19-4e14-ac4c-a367b910a6d8 col areoi-element col-12\">\r\n\t\t\t\r\n\t\t\t\n\n<p class=\"mb-0\">Cursos d&rsquo;angl&egrave;s extraescolar a trav&eacute;s de tallers interdisciplinaris amb tem&agrave;tica diversa que pret&eacute;n respondre a les necessitats i els interessos dels infants d&rsquo;educaci&oacute; infantil i prim&agrave;ria.<\/p>\n\n \r\n\t\t\t\r\n\t\t<\/div>\r\n\t\n \r\n\t\t<\/div>\r\n\t\n\r\n\t\t\t \r\n\t\t<\/div>\r\n\t\n\r\n\t\t\t \r\n\t\t<\/div>\r\n\t\n \r\n\t\t<\/div>\r\n\t\n \r\n\t\t<\/div><div class=\"block-a0dd2610-239a-469b-8d70-b01a8e3234e4 carousel-item\">\r\n\t\t\t\n\r\n\t\t<div class=\"block-470f3e24-e000-4d85-9c08-ce6e0f9be287 areoi-strip areoi-element strip alignfull\">\r\n\t\t\t\r\n\t\t\t\n\r\n\t\t<div class=\"block-6d0e4784-697d-49f0-ab97-cb9fbbed069c areoi-element caption\">\r\n\t\t\t\r\n\t\t\t\n\r\n\t\t<div class=\"block-59b206e3-3b97-40c0-bfe4-d29dc0029d12 areoi-element\">\r\n\t\t\t\r\n\t\t\t\n\r\n\t\t<div class=\"block-06b33b09-0689-466f-ba47-139984083ff8 row areoi-element row-lg\">\r\n\t\t\t\r\n\r\n\t\t\t\n\r\n\t\t<div class=\"block-cca28f42-a961-4490-91ed-1ae246e1ba25 col areoi-element\">\r\n\t\t\t\r\n\t\t\t\n\n<h1 class=\"wp-block-heading title h2\">Angl&egrave;s extraescolar per a alumnes de Secund&agrave;ria i Batxillerat<\/h1>\n\n \r\n\t\t\t\r\n\t\t<\/div>\r\n\t\n\n\r\n\t\t<div class=\"block-7cb0bb90-f16a-4136-99f1-00422c9c7b28 col areoi-element order-last-lg col-auto\">\r\n\t\t\t\r\n\t\t\t\n\r\n\t\t<div class=\"block-dbf06e66-f615-4409-ba97-c878ae6ee95b areoi-element text-end mt-lg-0 mt-3\">\r\n\t\t\t\r\n\t\t\t\n\r\n\t\t\t\t\r\n\t\t<a class=\"block-ba8db1c9-75bc-4479-a844-4ecb57f51a65 btn areoi-has-url position-relative btn-blue btn-primary\" href=\"https:\/\/www.learning-s-cool.com\/ca\/teens\/\">\r\n\t\t\t\t\t\r\n\t\t\t\t\tM&Eacute;S INFO \r\n\t\t\t\t\t\r\n\t\t\t\t\t \r\n\t\t\t\t<\/a>\r\n\t\t\t\n\r\n\t\t\t \r\n\t\t<\/div>\r\n\t\n \r\n\t\t\t\r\n\t\t<\/div>\r\n\t\n\n\r\n\t\t<div class=\"block-3b66485e-ea19-4e14-ac4c-a367b910a6d8 col areoi-element col-12\">\r\n\t\t\t\r\n\t\t\t\n\n<p class=\"mb-0\">Cursos d&rsquo;angl&egrave;s per millorar la compet&egrave;ncia comunicativa i preparar els alumnes per a presentar-se als ex&agrave;mens oficials de Cambridge.<\/p>\n\n \r\n\t\t\t\r\n\t\t<\/div>\r\n\t\n \r\n\t\t<\/div>\r\n\t\n\r\n\t\t\t \r\n\t\t<\/div>\r\n\t\n\r\n\t\t\t \r\n\t\t<\/div>\r\n\t\n\n\r\n\t\t<div class=\"block-863b61e3-37aa-4e0d-b3b0-65e8180b833d areoi-strip areoi-element strip alignfull\">\r\n\t\t\t\r\n\t\t\t\n\n<figure class=\"wp-block-gallery has-nested-images columns-default is-cropped wp-block-gallery-1 is-layout-flex wp-block-gallery-is-layout-flex\">\n<figure class=\"wp-block-image size-full mask mb-0\"><img loading=\"lazy\" decoding=\"async\" width=\"1143\" height=\"750\" data-id=\"84\" src=\"https:\/\/www.learning-s-cool.com\/wp-content\/uploads\/2024\/03\/Subtract.png\" alt=\"\" class=\"wp-image-84\" srcset=\"https:\/\/www.learning-s-cool.com\/wp-content\/uploads\/2024\/03\/Subtract.png 1143w, https:\/\/www.learning-s-cool.com\/wp-content\/uploads\/2024\/03\/Subtract-300x197.png 300w, https:\/\/www.learning-s-cool.com\/wp-content\/uploads\/2024\/03\/Subtract-1024x672.png 1024w, https:\/\/www.learning-s-cool.com\/wp-content\/uploads\/2024\/03\/Subtract-768x504.png 768w\" sizes=\"auto, (max-width: 1143px) 100vw, 1143px\" \/><\/figure>\n\n\n\n<figure class=\"wp-block-image size-large mb-0 full-img\"><img loading=\"lazy\" decoding=\"async\" width=\"1024\" height=\"571\" data-id=\"317\" src=\"https:\/\/www.learning-s-cool.com\/wp-content\/uploads\/2024\/04\/clases_ingles_secundaria_bachillerato-1024x571.jpeg\" alt=\"un juego de scrabble mostrando palabras que evocan las clases de ingl&eacute;s extraescolar.\" class=\"wp-image-317\" srcset=\"https:\/\/www.learning-s-cool.com\/wp-content\/uploads\/2024\/04\/clases_ingles_secundaria_bachillerato-1024x571.jpeg 1024w, https:\/\/www.learning-s-cool.com\/wp-content\/uploads\/2024\/04\/clases_ingles_secundaria_bachillerato-300x167.jpeg 300w, https:\/\/www.learning-s-cool.com\/wp-content\/uploads\/2024\/04\/clases_ingles_secundaria_bachillerato-768x428.jpeg 768w, https:\/\/www.learning-s-cool.com\/wp-content\/uploads\/2024\/04\/clases_ingles_secundaria_bachillerato.jpeg 1260w\" sizes=\"auto, (max-width: 1024px) 100vw, 1024px\" \/><\/figure>\n<\/figure>\n\n \r\n\t\t<\/div>\r\n\t\n \r\n\t\t<\/div>\r\n\t\n \r\n\t\t<\/div>\n \r\n\t\t\t<div class=\"clearfix\"><\/div>\r\n\t\t<\/div>\r\n\t\n\n\n<div class=\"wp-block-group is-nowrap is-layout-flex wp-container-core-group-is-layout-ad2f72ca wp-block-group-is-layout-flex\"><\/div>\n\n\r\n\t\t\t \r\n\t\t<\/div>\r\n\t","protected":false},"excerpt":{"rendered":"","protected":false},"author":1,"featured_media":230,"parent":0,"menu_order":0,"comment_status":"closed","ping_status":"closed","template":"","meta":{"_acf_changed":false,"footnotes":""},"class_list":["post-238","page","type-page","status-publish","has-post-thumbnail","hentry"],"acf":[],"yoast_head":"<!-- This site is optimized with the Yoast SEO plugin v26.4 - https:\/\/yoast.com\/wordpress\/plugins\/seo\/ -->\n<title>Classes d&#039;angl\u00e8s extraescolar a Sant Cugat del Vall\u00e8s - Learning S-cool<\/title>\n<meta name=\"description\" content=\"Som la teva escola d\u00b4angl\u00e8s extraescolar a Sant Cugat del Vall\u00e8s. Classes i tallers d\u00b4angl\u00e8s per a infantil, prim\u00e0ria, secund\u00e0ria i adults.\" \/>\n<meta name=\"robots\" content=\"index, follow, max-snippet:-1, max-image-preview:large, max-video-preview:-1\" \/>\n<link rel=\"canonical\" href=\"https:\/\/www.learning-s-cool.com\/ca\/\" \/>\n<meta property=\"og:locale\" content=\"ca_ES\" \/>\n<meta property=\"og:type\" content=\"article\" \/>\n<meta property=\"og:title\" content=\"Classes d&#039;angl\u00e8s extraescolar a Sant Cugat del Vall\u00e8s - Learning S-cool\" \/>\n<meta property=\"og:description\" content=\"Som la teva escola d\u00b4angl\u00e8s extraescolar a Sant Cugat del Vall\u00e8s. Classes i tallers d\u00b4angl\u00e8s per a infantil, prim\u00e0ria, secund\u00e0ria i adults.\" \/>\n<meta property=\"og:url\" content=\"https:\/\/www.learning-s-cool.com\/ca\/\" \/>\n<meta property=\"og:site_name\" content=\"Learning S-cool\" \/>\n<meta property=\"article:modified_time\" content=\"2024-04-26T08:31:47+00:00\" \/>\n<meta property=\"og:image\" content=\"https:\/\/www.learning-s-cool.com\/wp-content\/uploads\/2024\/03\/banner1.jpg\" \/>\n\t<meta property=\"og:image:width\" content=\"1142\" \/>\n\t<meta property=\"og:image:height\" content=\"739\" \/>\n\t<meta property=\"og:image:type\" content=\"image\/jpeg\" \/>\n<meta name=\"twitter:card\" content=\"summary_large_image\" \/>\n<meta name=\"twitter:label1\" content=\"Temps estimat de lectura\" \/>\n\t<meta name=\"twitter:data1\" content=\"2 minuts\" \/>\n<script type=\"application\/ld+json\" class=\"yoast-schema-graph\">{\"@context\":\"https:\/\/schema.org\",\"@graph\":[{\"@type\":\"WebPage\",\"@id\":\"https:\/\/www.learning-s-cool.com\/ca\/\",\"url\":\"https:\/\/www.learning-s-cool.com\/ca\/\",\"name\":\"Classes d'angl\u00e8s extraescolar a Sant Cugat del Vall\u00e8s - Learning S-cool\",\"isPartOf\":{\"@id\":\"https:\/\/www.learning-s-cool.com\/#website\"},\"primaryImageOfPage\":{\"@id\":\"https:\/\/www.learning-s-cool.com\/ca\/#primaryimage\"},\"image\":{\"@id\":\"https:\/\/www.learning-s-cool.com\/ca\/#primaryimage\"},\"thumbnailUrl\":\"https:\/\/www.learning-s-cool.com\/wp-content\/uploads\/2024\/03\/banner1.jpg\",\"datePublished\":\"2024-03-08T14:22:53+00:00\",\"dateModified\":\"2024-04-26T08:31:47+00:00\",\"description\":\"Som la teva escola d\u00b4angl\u00e8s extraescolar a Sant Cugat del Vall\u00e8s. Classes i tallers d\u00b4angl\u00e8s per a infantil, prim\u00e0ria, secund\u00e0ria i adults.\",\"breadcrumb\":{\"@id\":\"https:\/\/www.learning-s-cool.com\/ca\/#breadcrumb\"},\"inLanguage\":\"ca\",\"potentialAction\":[{\"@type\":\"ReadAction\",\"target\":[\"https:\/\/www.learning-s-cool.com\/ca\/\"]}]},{\"@type\":\"ImageObject\",\"inLanguage\":\"ca\",\"@id\":\"https:\/\/www.learning-s-cool.com\/ca\/#primaryimage\",\"url\":\"https:\/\/www.learning-s-cool.com\/wp-content\/uploads\/2024\/03\/banner1.jpg\",\"contentUrl\":\"https:\/\/www.learning-s-cool.com\/wp-content\/uploads\/2024\/03\/banner1.jpg\",\"width\":1142,\"height\":739,\"caption\":\"Una clase durante un taller de ingl\u00e9s para educaci\u00f3n infantil y primaria\"},{\"@type\":\"BreadcrumbList\",\"@id\":\"https:\/\/www.learning-s-cool.com\/ca\/#breadcrumb\",\"itemListElement\":[{\"@type\":\"ListItem\",\"position\":1,\"name\":\"Portada\",\"item\":\"https:\/\/www.learning-s-cool.com\/ca\/\"},{\"@type\":\"ListItem\",\"position\":2,\"name\":\"Inici\"}]},{\"@type\":\"WebSite\",\"@id\":\"https:\/\/www.learning-s-cool.com\/#website\",\"url\":\"https:\/\/www.learning-s-cool.com\/\",\"name\":\"Learning S-cool\",\"description\":\"\",\"publisher\":{\"@id\":\"https:\/\/www.learning-s-cool.com\/#organization\"},\"potentialAction\":[{\"@type\":\"SearchAction\",\"target\":{\"@type\":\"EntryPoint\",\"urlTemplate\":\"https:\/\/www.learning-s-cool.com\/?s={search_term_string}\"},\"query-input\":{\"@type\":\"PropertyValueSpecification\",\"valueRequired\":true,\"valueName\":\"search_term_string\"}}],\"inLanguage\":\"ca\"},{\"@type\":\"Organization\",\"@id\":\"https:\/\/www.learning-s-cool.com\/#organization\",\"name\":\"Learning S-cool\",\"url\":\"https:\/\/www.learning-s-cool.com\/\",\"logo\":{\"@type\":\"ImageObject\",\"inLanguage\":\"ca\",\"@id\":\"https:\/\/www.learning-s-cool.com\/#\/schema\/logo\/image\/\",\"url\":\"https:\/\/www.learning-s-cool.com\/wp-content\/uploads\/2024\/03\/logo.png\",\"contentUrl\":\"https:\/\/www.learning-s-cool.com\/wp-content\/uploads\/2024\/03\/logo.png\",\"width\":387,\"height\":292,\"caption\":\"Learning S-cool\"},\"image\":{\"@id\":\"https:\/\/www.learning-s-cool.com\/#\/schema\/logo\/image\/\"}}]}<\/script>\n<!-- \/ Yoast SEO plugin. -->","yoast_head_json":{"title":"Classes d'angl\u00e8s extraescolar a Sant Cugat del Vall\u00e8s - Learning S-cool","description":"Som la teva escola d\u00b4angl\u00e8s extraescolar a Sant Cugat del Vall\u00e8s. Classes i tallers d\u00b4angl\u00e8s per a infantil, prim\u00e0ria, secund\u00e0ria i adults.","robots":{"index":"index","follow":"follow","max-snippet":"max-snippet:-1","max-image-preview":"max-image-preview:large","max-video-preview":"max-video-preview:-1"},"canonical":"https:\/\/www.learning-s-cool.com\/ca\/","og_locale":"ca_ES","og_type":"article","og_title":"Classes d'angl\u00e8s extraescolar a Sant Cugat del Vall\u00e8s - Learning S-cool","og_description":"Som la teva escola d\u00b4angl\u00e8s extraescolar a Sant Cugat del Vall\u00e8s. Classes i tallers d\u00b4angl\u00e8s per a infantil, prim\u00e0ria, secund\u00e0ria i adults.","og_url":"https:\/\/www.learning-s-cool.com\/ca\/","og_site_name":"Learning S-cool","article_modified_time":"2024-04-26T08:31:47+00:00","og_image":[{"width":1142,"height":739,"url":"https:\/\/www.learning-s-cool.com\/wp-content\/uploads\/2024\/03\/banner1.jpg","type":"image\/jpeg"}],"twitter_card":"summary_large_image","twitter_misc":{"Temps estimat de lectura":"2 minuts"},"schema":{"@context":"https:\/\/schema.org","@graph":[{"@type":"WebPage","@id":"https:\/\/www.learning-s-cool.com\/ca\/","url":"https:\/\/www.learning-s-cool.com\/ca\/","name":"Classes d'angl\u00e8s extraescolar a Sant Cugat del Vall\u00e8s - Learning S-cool","isPartOf":{"@id":"https:\/\/www.learning-s-cool.com\/#website"},"primaryImageOfPage":{"@id":"https:\/\/www.learning-s-cool.com\/ca\/#primaryimage"},"image":{"@id":"https:\/\/www.learning-s-cool.com\/ca\/#primaryimage"},"thumbnailUrl":"https:\/\/www.learning-s-cool.com\/wp-content\/uploads\/2024\/03\/banner1.jpg","datePublished":"2024-03-08T14:22:53+00:00","dateModified":"2024-04-26T08:31:47+00:00","description":"Som la teva escola d\u00b4angl\u00e8s extraescolar a Sant Cugat del Vall\u00e8s. Classes i tallers d\u00b4angl\u00e8s per a infantil, prim\u00e0ria, secund\u00e0ria i adults.","breadcrumb":{"@id":"https:\/\/www.learning-s-cool.com\/ca\/#breadcrumb"},"inLanguage":"ca","potentialAction":[{"@type":"ReadAction","target":["https:\/\/www.learning-s-cool.com\/ca\/"]}]},{"@type":"ImageObject","inLanguage":"ca","@id":"https:\/\/www.learning-s-cool.com\/ca\/#primaryimage","url":"https:\/\/www.learning-s-cool.com\/wp-content\/uploads\/2024\/03\/banner1.jpg","contentUrl":"https:\/\/www.learning-s-cool.com\/wp-content\/uploads\/2024\/03\/banner1.jpg","width":1142,"height":739,"caption":"Una clase durante un taller de ingl\u00e9s para educaci\u00f3n infantil y primaria"},{"@type":"BreadcrumbList","@id":"https:\/\/www.learning-s-cool.com\/ca\/#breadcrumb","itemListElement":[{"@type":"ListItem","position":1,"name":"Portada","item":"https:\/\/www.learning-s-cool.com\/ca\/"},{"@type":"ListItem","position":2,"name":"Inici"}]},{"@type":"WebSite","@id":"https:\/\/www.learning-s-cool.com\/#website","url":"https:\/\/www.learning-s-cool.com\/","name":"Learning S-cool","description":"","publisher":{"@id":"https:\/\/www.learning-s-cool.com\/#organization"},"potentialAction":[{"@type":"SearchAction","target":{"@type":"EntryPoint","urlTemplate":"https:\/\/www.learning-s-cool.com\/?s={search_term_string}"},"query-input":{"@type":"PropertyValueSpecification","valueRequired":true,"valueName":"search_term_string"}}],"inLanguage":"ca"},{"@type":"Organization","@id":"https:\/\/www.learning-s-cool.com\/#organization","name":"Learning S-cool","url":"https:\/\/www.learning-s-cool.com\/","logo":{"@type":"ImageObject","inLanguage":"ca","@id":"https:\/\/www.learning-s-cool.com\/#\/schema\/logo\/image\/","url":"https:\/\/www.learning-s-cool.com\/wp-content\/uploads\/2024\/03\/logo.png","contentUrl":"https:\/\/www.learning-s-cool.com\/wp-content\/uploads\/2024\/03\/logo.png","width":387,"height":292,"caption":"Learning S-cool"},"image":{"@id":"https:\/\/www.learning-s-cool.com\/#\/schema\/logo\/image\/"}}]}},"_links":{"self":[{"href":"https:\/\/www.learning-s-cool.com\/ca\/wp-json\/wp\/v2\/pages\/238","targetHints":{"allow":["GET"]}}],"collection":[{"href":"https:\/\/www.learning-s-cool.com\/ca\/wp-json\/wp\/v2\/pages"}],"about":[{"href":"https:\/\/www.learning-s-cool.com\/ca\/wp-json\/wp\/v2\/types\/page"}],"author":[{"embeddable":true,"href":"https:\/\/www.learning-s-cool.com\/ca\/wp-json\/wp\/v2\/users\/1"}],"replies":[{"embeddable":true,"href":"https:\/\/www.learning-s-cool.com\/ca\/wp-json\/wp\/v2\/comments?post=238"}],"version-history":[{"count":2,"href":"https:\/\/www.learning-s-cool.com\/ca\/wp-json\/wp\/v2\/pages\/238\/revisions"}],"predecessor-version":[{"id":396,"href":"https:\/\/www.learning-s-cool.com\/ca\/wp-json\/wp\/v2\/pages\/238\/revisions\/396"}],"wp:featuredmedia":[{"embeddable":true,"href":"https:\/\/www.learning-s-cool.com\/ca\/wp-json\/wp\/v2\/media\/230"}],"wp:attachment":[{"href":"https:\/\/www.learning-s-cool.com\/ca\/wp-json\/wp\/v2\/media?parent=238"}],"curies":[{"name":"wp","href":"https:\/\/api.w.org\/{rel}","templated":true}]}}