{"id":242,"date":"2024-03-08T15:30:55","date_gmt":"2024-03-08T14:30:55","guid":{"rendered":"https:\/\/www.learning-s-cool.com\/nosaltres\/"},"modified":"2024-04-15T13:14:05","modified_gmt":"2024-04-15T11:14:05","slug":"nosaltres","status":"publish","type":"page","link":"https:\/\/www.learning-s-cool.com\/ca\/nosaltres\/","title":{"rendered":"Nosaltres"},"content":{"rendered":"\r\n\t\t<div data-aos-duration=\"1500\" data-aos=\"zoom-in\"  class=\"block-ffe73cb1-cef6-4ab6-b239-d0a4e5a73af6 areoi-element mb-5\">\r\n\t\t\t\r\n\t\t\t\n\n<figure class=\"wp-block-image size-full mb-0 mask full-img opacity-75\"><img loading=\"lazy\" decoding=\"async\" width=\"2284\" height=\"778\" src=\"https:\/\/www.learning-s-cool.com\/wp-content\/uploads\/2024\/04\/Imagen-pegada.png\" alt=\"\" class=\"wp-image-281\" srcset=\"https:\/\/www.learning-s-cool.com\/wp-content\/uploads\/2024\/04\/Imagen-pegada.png 2284w, https:\/\/www.learning-s-cool.com\/wp-content\/uploads\/2024\/04\/Imagen-pegada-300x102.png 300w, https:\/\/www.learning-s-cool.com\/wp-content\/uploads\/2024\/04\/Imagen-pegada-1024x349.png 1024w, https:\/\/www.learning-s-cool.com\/wp-content\/uploads\/2024\/04\/Imagen-pegada-768x262.png 768w, https:\/\/www.learning-s-cool.com\/wp-content\/uploads\/2024\/04\/Imagen-pegada-1536x523.png 1536w, https:\/\/www.learning-s-cool.com\/wp-content\/uploads\/2024\/04\/Imagen-pegada-2048x698.png 2048w\" sizes=\"auto, (max-width: 2284px) 100vw, 2284px\" \/><\/figure>\n\n\n\n<figure class=\"wp-block-image size-full mb-0 full-img\"><img loading=\"lazy\" decoding=\"async\" width=\"1143\" height=\"380\" src=\"https:\/\/www.learning-s-cool.com\/wp-content\/uploads\/2024\/03\/learning-s-cool.jpg\" alt=\"\" class=\"wp-image-106\" srcset=\"https:\/\/www.learning-s-cool.com\/wp-content\/uploads\/2024\/03\/learning-s-cool.jpg 1143w, https:\/\/www.learning-s-cool.com\/wp-content\/uploads\/2024\/03\/learning-s-cool-300x100.jpg 300w, https:\/\/www.learning-s-cool.com\/wp-content\/uploads\/2024\/03\/learning-s-cool-1024x340.jpg 1024w, https:\/\/www.learning-s-cool.com\/wp-content\/uploads\/2024\/03\/learning-s-cool-768x255.jpg 768w\" sizes=\"auto, (max-width: 1143px) 100vw, 1143px\" \/><\/figure>\n\n\r\n\t\t\t \r\n\t\t<\/div>\r\n\t\n\n\r\n\t\t<div  class=\"block-aa57752b-fe3b-4903-9f4f-d86f193aae20 areoi-element px-5 mb-5\">\r\n\t\t\t\r\n\t\t\t\n\n<p data-aos=\"fade-left\">Learning-s-cool \u00e9s una empresa especialitzada en l&#8217;ensenyament de l&#8217;angl\u00e8s com a llengua estrangera. El nostre principal objectiu \u00e9s fer de l&#8217;aprenentatge de l&#8217;angl\u00e8s una experi\u00e8ncia enriquidora i inoblidable per als nostres alumnes.<\/p>\n\n\n\n<p data-aos=\"fade-left\">L&#8217;empresa neix l&#8217;any 2008 amb la intenci\u00f3 de donar una resposta de qualitat a la necessitat d&#8217;angl\u00e8s extraescolar en centres d&#8217;educaci\u00f3 infantil, prim\u00e0ria i secund\u00e0ria. Des de llavors, gestionem amb \u00e8xit l\u2019ensenyament de l\u2019angl\u00e8s de diversos centres educatius.<\/p>\n\n\n\r\n\t\t<div  class=\"block-538a6aaa-6cc4-4fb3-a5a1-e44af5a0b095 areoi-element\">\r\n\t\t\t\r\n\t\t\t\n\n<hr class=\"wp-block-separator has-text-color has-alpha-channel-opacity has-background sep\" style=\"background-color:#ffffff;color:#ffffff\"\/>\n\n\r\n\t\t\t \r\n\t\t<\/div>\r\n\t\n\n\n<h2 class=\"wp-block-heading title text-blue mb-3\" data-aos=\"zoom-in\">On s&#8217;imparteixen les nostres classes?<\/h2>\n\n\n\n<p data-aos=\"fade-right\">Learning-s-cool porta les classes d&#8217;angl\u00e8s on facin falta: escoles, domicilis particulars, oficines i empreses. D&#8217;aquesta manera, els alumnes no perden temps en despla\u00e7aments i realitzen les seves classes en un entorn familiar.<\/p>\n\n\n\n<p data-aos=\"fade-right\">Comptem amb un m\u00e8tode d&#8217;ensenyament propi en constant actualitzaci\u00f3 i un dels nostres principals objectius \u00e9s adaptar-nos a les necessitats educatives de cada centre escolar i dels nostres alumnes.<\/p>\n\n\n\n<p data-aos=\"fade-right\">Col\u00b7laborem estretament amb els centres educatius amb l&#8217;objectiu d&#8217;optimitzar i millorar el nivell d&#8217;angl\u00e8s i la compet\u00e8ncia comunicativa dels nostres alumnes, evitant repeticions de continguts que podrien derivar en la desmotivaci\u00f3 d&#8217;aquests.<\/p>\n\n\n\r\n\t\t<div  class=\"block-538a6aaa-6cc4-4fb3-a5a1-e44af5a0b095 areoi-element\">\r\n\t\t\t\r\n\t\t\t\n\n<hr class=\"wp-block-separator has-text-color has-alpha-channel-opacity has-background sep\" style=\"background-color:#ffffff;color:#ffffff\"\/>\n\n\r\n\t\t\t \r\n\t\t<\/div>\r\n\t\n\n\r\n\t\t<div  class=\"block-a4d0f862-b3fb-4a45-aa28-6a25dd9d958f areoi-element\">\r\n\t\t\t\r\n\t\t\t\n\n<h2 class=\"wp-block-heading title text-blue mb-3\" data-aos=\"zoom-in\">El nostre m\u00e8tode<\/h2>\n\n\n\r\n\t\t<div data-aos=\"fade-left\"  class=\"block-6bb044db-8e33-43e0-9093-d00d494c99b8 row areoi-element gx-3 gy-4 row-lg\">\r\n\t\t\t\r\n\r\n\t\t\t\n\r\n\t\t<div  class=\"block-4c3b79e9-35d5-4f67-8c98-26ce1b31f32c col areoi-element col-4\">\r\n\t\t\t\r\n\t\t\t\n\n<figure class=\"wp-block-image size-full mb-0 w-100\"><img loading=\"lazy\" decoding=\"async\" width=\"1280\" height=\"855\" src=\"https:\/\/www.learning-s-cool.com\/wp-content\/uploads\/2024\/04\/metodo_ensenanza_ingles_jovenes-1.jpg\" alt=\"\" class=\"wp-image-325\" srcset=\"https:\/\/www.learning-s-cool.com\/wp-content\/uploads\/2024\/04\/metodo_ensenanza_ingles_jovenes-1.jpg 1280w, https:\/\/www.learning-s-cool.com\/wp-content\/uploads\/2024\/04\/metodo_ensenanza_ingles_jovenes-1-300x200.jpg 300w, https:\/\/www.learning-s-cool.com\/wp-content\/uploads\/2024\/04\/metodo_ensenanza_ingles_jovenes-1-1024x684.jpg 1024w, https:\/\/www.learning-s-cool.com\/wp-content\/uploads\/2024\/04\/metodo_ensenanza_ingles_jovenes-1-768x513.jpg 768w\" sizes=\"auto, (max-width: 1280px) 100vw, 1280px\" \/><\/figure>\n\n \r\n\t\t\t\r\n\t\t<\/div>\r\n\t\n\n\r\n\t\t<div  class=\"block-8df9b5aa-9fcd-4ade-822f-8f94e1dab452 col areoi-element col-8\">\r\n\t\t\t\r\n\t\t\t\n\n<p>Entenem que la llengua \u00e9s b\u00e0sicament un vehicle de comunicaci\u00f3. La necessitat innata en l&#8217;\u00e9sser hum\u00e0 per a comunicar-se \u00e9s la que genera la necessitat d&#8217;aprendre noves lleng\u00fces. De res serveix aprendre llistats de vocabulari i\/o estructures ling\u00fc\u00edstiques si no tenim la intenci\u00f3 d&#8217;utilitzar-los en situacions comunicatives concretes.<\/p>\n\n\n\n<p>El nostre principal objectiu \u00e9s fer que els alumnes ampli\u00efn els seus coneixements (de diferents \u00e0rees) a trav\u00e9s de la llengua anglesa. Es tracta d&#8217;utilitzar l&#8217;angl\u00e8s com a llengua vehicular i de comunicaci\u00f3, a trav\u00e9s de la qual l&#8217;alumnat adquireixi i consolidi nous continguts, habilitats i destreses (CLIL Content and Language Integrated Learning)<\/p>\n\n \r\n\t\t\t\r\n\t\t<\/div>\r\n\t\n \r\n\t\t<\/div>\r\n\t\n\r\n\t\t\t \r\n\t\t<\/div>\r\n\t\n\r\n\t\t\t \r\n\t\t<\/div>\r\n\t","protected":false},"excerpt":{"rendered":"","protected":false},"author":1,"featured_media":0,"parent":0,"menu_order":0,"comment_status":"closed","ping_status":"closed","template":"","meta":{"_acf_changed":false,"footnotes":""},"class_list":["post-242","page","type-page","status-publish","hentry"],"acf":[],"yoast_head":"<!-- This site is optimized with the Yoast SEO plugin v26.4 - https:\/\/yoast.com\/wordpress\/plugins\/seo\/ -->\n<title>Nosaltres - Learning S-cool<\/title>\n<meta name=\"robots\" content=\"index, follow, max-snippet:-1, max-image-preview:large, max-video-preview:-1\" \/>\n<link rel=\"canonical\" href=\"https:\/\/www.learning-s-cool.com\/ca\/nosaltres\/\" \/>\n<meta property=\"og:locale\" content=\"ca_ES\" \/>\n<meta property=\"og:type\" content=\"article\" \/>\n<meta property=\"og:title\" content=\"Nosaltres - Learning S-cool\" \/>\n<meta property=\"og:url\" content=\"https:\/\/www.learning-s-cool.com\/ca\/nosaltres\/\" \/>\n<meta property=\"og:site_name\" content=\"Learning S-cool\" \/>\n<meta property=\"article:modified_time\" content=\"2024-04-15T11:14:05+00:00\" \/>\n<meta property=\"og:image\" content=\"https:\/\/www.learning-s-cool.com\/wp-content\/uploads\/2024\/04\/Imagen-pegada.png\" \/>\n<meta name=\"twitter:card\" content=\"summary_large_image\" \/>\n<meta name=\"twitter:label1\" content=\"Temps estimat de lectura\" \/>\n\t<meta name=\"twitter:data1\" content=\"1 minut\" \/>\n<script type=\"application\/ld+json\" class=\"yoast-schema-graph\">{\"@context\":\"https:\/\/schema.org\",\"@graph\":[{\"@type\":\"WebPage\",\"@id\":\"https:\/\/www.learning-s-cool.com\/ca\/nosaltres\/\",\"url\":\"https:\/\/www.learning-s-cool.com\/ca\/nosaltres\/\",\"name\":\"Nosaltres - Learning S-cool\",\"isPartOf\":{\"@id\":\"https:\/\/www.learning-s-cool.com\/#website\"},\"primaryImageOfPage\":{\"@id\":\"https:\/\/www.learning-s-cool.com\/ca\/nosaltres\/#primaryimage\"},\"image\":{\"@id\":\"https:\/\/www.learning-s-cool.com\/ca\/nosaltres\/#primaryimage\"},\"thumbnailUrl\":\"https:\/\/www.learning-s-cool.com\/wp-content\/uploads\/2024\/04\/Imagen-pegada.png\",\"datePublished\":\"2024-03-08T14:30:55+00:00\",\"dateModified\":\"2024-04-15T11:14:05+00:00\",\"breadcrumb\":{\"@id\":\"https:\/\/www.learning-s-cool.com\/ca\/nosaltres\/#breadcrumb\"},\"inLanguage\":\"ca\",\"potentialAction\":[{\"@type\":\"ReadAction\",\"target\":[\"https:\/\/www.learning-s-cool.com\/ca\/nosaltres\/\"]}]},{\"@type\":\"ImageObject\",\"inLanguage\":\"ca\",\"@id\":\"https:\/\/www.learning-s-cool.com\/ca\/nosaltres\/#primaryimage\",\"url\":\"https:\/\/www.learning-s-cool.com\/wp-content\/uploads\/2024\/04\/Imagen-pegada.png\",\"contentUrl\":\"https:\/\/www.learning-s-cool.com\/wp-content\/uploads\/2024\/04\/Imagen-pegada.png\"},{\"@type\":\"BreadcrumbList\",\"@id\":\"https:\/\/www.learning-s-cool.com\/ca\/nosaltres\/#breadcrumb\",\"itemListElement\":[{\"@type\":\"ListItem\",\"position\":1,\"name\":\"Portada\",\"item\":\"https:\/\/www.learning-s-cool.com\/ca\/\"},{\"@type\":\"ListItem\",\"position\":2,\"name\":\"Nosaltres\"}]},{\"@type\":\"WebSite\",\"@id\":\"https:\/\/www.learning-s-cool.com\/#website\",\"url\":\"https:\/\/www.learning-s-cool.com\/\",\"name\":\"Learning S-cool\",\"description\":\"\",\"publisher\":{\"@id\":\"https:\/\/www.learning-s-cool.com\/#organization\"},\"potentialAction\":[{\"@type\":\"SearchAction\",\"target\":{\"@type\":\"EntryPoint\",\"urlTemplate\":\"https:\/\/www.learning-s-cool.com\/?s={search_term_string}\"},\"query-input\":{\"@type\":\"PropertyValueSpecification\",\"valueRequired\":true,\"valueName\":\"search_term_string\"}}],\"inLanguage\":\"ca\"},{\"@type\":\"Organization\",\"@id\":\"https:\/\/www.learning-s-cool.com\/#organization\",\"name\":\"Learning S-cool\",\"url\":\"https:\/\/www.learning-s-cool.com\/\",\"logo\":{\"@type\":\"ImageObject\",\"inLanguage\":\"ca\",\"@id\":\"https:\/\/www.learning-s-cool.com\/#\/schema\/logo\/image\/\",\"url\":\"https:\/\/www.learning-s-cool.com\/wp-content\/uploads\/2024\/03\/logo.png\",\"contentUrl\":\"https:\/\/www.learning-s-cool.com\/wp-content\/uploads\/2024\/03\/logo.png\",\"width\":387,\"height\":292,\"caption\":\"Learning S-cool\"},\"image\":{\"@id\":\"https:\/\/www.learning-s-cool.com\/#\/schema\/logo\/image\/\"}}]}<\/script>\n<!-- \/ Yoast SEO plugin. -->","yoast_head_json":{"title":"Nosaltres - Learning S-cool","robots":{"index":"index","follow":"follow","max-snippet":"max-snippet:-1","max-image-preview":"max-image-preview:large","max-video-preview":"max-video-preview:-1"},"canonical":"https:\/\/www.learning-s-cool.com\/ca\/nosaltres\/","og_locale":"ca_ES","og_type":"article","og_title":"Nosaltres - Learning S-cool","og_url":"https:\/\/www.learning-s-cool.com\/ca\/nosaltres\/","og_site_name":"Learning S-cool","article_modified_time":"2024-04-15T11:14:05+00:00","og_image":[{"url":"https:\/\/www.learning-s-cool.com\/wp-content\/uploads\/2024\/04\/Imagen-pegada.png","type":"","width":"","height":""}],"twitter_card":"summary_large_image","twitter_misc":{"Temps estimat de lectura":"1 minut"},"schema":{"@context":"https:\/\/schema.org","@graph":[{"@type":"WebPage","@id":"https:\/\/www.learning-s-cool.com\/ca\/nosaltres\/","url":"https:\/\/www.learning-s-cool.com\/ca\/nosaltres\/","name":"Nosaltres - Learning S-cool","isPartOf":{"@id":"https:\/\/www.learning-s-cool.com\/#website"},"primaryImageOfPage":{"@id":"https:\/\/www.learning-s-cool.com\/ca\/nosaltres\/#primaryimage"},"image":{"@id":"https:\/\/www.learning-s-cool.com\/ca\/nosaltres\/#primaryimage"},"thumbnailUrl":"https:\/\/www.learning-s-cool.com\/wp-content\/uploads\/2024\/04\/Imagen-pegada.png","datePublished":"2024-03-08T14:30:55+00:00","dateModified":"2024-04-15T11:14:05+00:00","breadcrumb":{"@id":"https:\/\/www.learning-s-cool.com\/ca\/nosaltres\/#breadcrumb"},"inLanguage":"ca","potentialAction":[{"@type":"ReadAction","target":["https:\/\/www.learning-s-cool.com\/ca\/nosaltres\/"]}]},{"@type":"ImageObject","inLanguage":"ca","@id":"https:\/\/www.learning-s-cool.com\/ca\/nosaltres\/#primaryimage","url":"https:\/\/www.learning-s-cool.com\/wp-content\/uploads\/2024\/04\/Imagen-pegada.png","contentUrl":"https:\/\/www.learning-s-cool.com\/wp-content\/uploads\/2024\/04\/Imagen-pegada.png"},{"@type":"BreadcrumbList","@id":"https:\/\/www.learning-s-cool.com\/ca\/nosaltres\/#breadcrumb","itemListElement":[{"@type":"ListItem","position":1,"name":"Portada","item":"https:\/\/www.learning-s-cool.com\/ca\/"},{"@type":"ListItem","position":2,"name":"Nosaltres"}]},{"@type":"WebSite","@id":"https:\/\/www.learning-s-cool.com\/#website","url":"https:\/\/www.learning-s-cool.com\/","name":"Learning S-cool","description":"","publisher":{"@id":"https:\/\/www.learning-s-cool.com\/#organization"},"potentialAction":[{"@type":"SearchAction","target":{"@type":"EntryPoint","urlTemplate":"https:\/\/www.learning-s-cool.com\/?s={search_term_string}"},"query-input":{"@type":"PropertyValueSpecification","valueRequired":true,"valueName":"search_term_string"}}],"inLanguage":"ca"},{"@type":"Organization","@id":"https:\/\/www.learning-s-cool.com\/#organization","name":"Learning S-cool","url":"https:\/\/www.learning-s-cool.com\/","logo":{"@type":"ImageObject","inLanguage":"ca","@id":"https:\/\/www.learning-s-cool.com\/#\/schema\/logo\/image\/","url":"https:\/\/www.learning-s-cool.com\/wp-content\/uploads\/2024\/03\/logo.png","contentUrl":"https:\/\/www.learning-s-cool.com\/wp-content\/uploads\/2024\/03\/logo.png","width":387,"height":292,"caption":"Learning S-cool"},"image":{"@id":"https:\/\/www.learning-s-cool.com\/#\/schema\/logo\/image\/"}}]}},"_links":{"self":[{"href":"https:\/\/www.learning-s-cool.com\/ca\/wp-json\/wp\/v2\/pages\/242","targetHints":{"allow":["GET"]}}],"collection":[{"href":"https:\/\/www.learning-s-cool.com\/ca\/wp-json\/wp\/v2\/pages"}],"about":[{"href":"https:\/\/www.learning-s-cool.com\/ca\/wp-json\/wp\/v2\/types\/page"}],"author":[{"embeddable":true,"href":"https:\/\/www.learning-s-cool.com\/ca\/wp-json\/wp\/v2\/users\/1"}],"replies":[{"embeddable":true,"href":"https:\/\/www.learning-s-cool.com\/ca\/wp-json\/wp\/v2\/comments?post=242"}],"version-history":[{"count":3,"href":"https:\/\/www.learning-s-cool.com\/ca\/wp-json\/wp\/v2\/pages\/242\/revisions"}],"predecessor-version":[{"id":327,"href":"https:\/\/www.learning-s-cool.com\/ca\/wp-json\/wp\/v2\/pages\/242\/revisions\/327"}],"wp:attachment":[{"href":"https:\/\/www.learning-s-cool.com\/ca\/wp-json\/wp\/v2\/media?parent=242"}],"curies":[{"name":"wp","href":"https:\/\/api.w.org\/{rel}","templated":true}]}}