{"id":244,"date":"2024-03-08T15:31:03","date_gmt":"2024-03-08T14:31:03","guid":{"rendered":"https:\/\/www.learning-s-cool.com\/kids\/"},"modified":"2024-05-03T11:26:27","modified_gmt":"2024-05-03T09:26:27","slug":"kids","status":"publish","type":"page","link":"https:\/\/www.learning-s-cool.com\/ca\/kids\/","title":{"rendered":"Kids"},"content":{"rendered":"\n<div class=\"wp-block-group is-nowrap is-layout-flex wp-container-core-group-is-layout-ad2f72ca wp-block-group-is-layout-flex\">\r\n\t\t<div data-aos-duration=\"1500\" data-aos=\"zoom-in\"  class=\"block-ffe73cb1-cef6-4ab6-b239-d0a4e5a73af6 areoi-element mb-5\">\r\n\t\t\t\r\n\t\t\t\n\n<figure class=\"wp-block-gallery has-nested-images columns-default is-cropped wp-block-gallery-1 is-layout-flex wp-block-gallery-is-layout-flex\">\n<figure class=\"wp-block-image size-large mb-0 mask full-img opacity-75\"><img loading=\"lazy\" decoding=\"async\" width=\"1024\" height=\"349\" data-id=\"281\" src=\"https:\/\/www.learning-s-cool.com\/wp-content\/uploads\/2024\/04\/Imagen-pegada-1024x349.png\" alt=\"\" class=\"wp-image-281\" srcset=\"https:\/\/www.learning-s-cool.com\/wp-content\/uploads\/2024\/04\/Imagen-pegada-1024x349.png 1024w, https:\/\/www.learning-s-cool.com\/wp-content\/uploads\/2024\/04\/Imagen-pegada-300x102.png 300w, https:\/\/www.learning-s-cool.com\/wp-content\/uploads\/2024\/04\/Imagen-pegada-768x262.png 768w, https:\/\/www.learning-s-cool.com\/wp-content\/uploads\/2024\/04\/Imagen-pegada-1536x523.png 1536w, https:\/\/www.learning-s-cool.com\/wp-content\/uploads\/2024\/04\/Imagen-pegada-2048x698.png 2048w\" sizes=\"auto, (max-width: 1024px) 100vw, 1024px\" \/><\/figure>\n\n\n\n<figure class=\"wp-block-image size-large mb-0 full-img\"><img loading=\"lazy\" decoding=\"async\" width=\"1024\" height=\"684\" data-id=\"405\" src=\"https:\/\/www.learning-s-cool.com\/wp-content\/uploads\/2024\/05\/aprender_ingles_sant_cugat_infantil-1-1024x684.jpg\" alt=\"\" class=\"wp-image-405\" srcset=\"https:\/\/www.learning-s-cool.com\/wp-content\/uploads\/2024\/05\/aprender_ingles_sant_cugat_infantil-1-1024x684.jpg 1024w, https:\/\/www.learning-s-cool.com\/wp-content\/uploads\/2024\/05\/aprender_ingles_sant_cugat_infantil-1-300x200.jpg 300w, https:\/\/www.learning-s-cool.com\/wp-content\/uploads\/2024\/05\/aprender_ingles_sant_cugat_infantil-1-768x513.jpg 768w, https:\/\/www.learning-s-cool.com\/wp-content\/uploads\/2024\/05\/aprender_ingles_sant_cugat_infantil-1.jpg 1279w\" sizes=\"auto, (max-width: 1024px) 100vw, 1024px\" \/><\/figure>\n<\/figure>\n\n\r\n\t\t\t \r\n\t\t<\/div>\r\n\t<\/div>\n\n\n\r\n\t\t<div  class=\"block-aa57752b-fe3b-4903-9f4f-d86f193aae20 areoi-element px-5 mb-5\">\r\n\t\t\t\r\n\t\t\t\n\r\n\t\t<div data-aos-duration=\"1500\" data-aos=\"fade-right\"  class=\"block-a4d0f862-b3fb-4a45-aa28-6a25dd9d958f areoi-element\">\r\n\t\t\t\r\n\t\t\t\n\n<h2 class=\"wp-block-heading title text-blue mb-3\">Angl\u00e8s extraescolar Kids<\/h2>\n\n\n\r\n\t\t<div  class=\"block-6bb044db-8e33-43e0-9093-d00d494c99b8 row areoi-element gx-3 gy-4 row-lg\">\r\n\t\t\t\r\n\r\n\t\t\t\n\r\n\t\t<div  class=\"block-4c3b79e9-35d5-4f67-8c98-26ce1b31f32c col areoi-element col-4\">\r\n\t\t\t\r\n\t\t\t\n\n<figure class=\"wp-block-image size-full mb-0 w-100\"><img loading=\"lazy\" decoding=\"async\" width=\"399\" height=\"301\" src=\"https:\/\/www.learning-s-cool.com\/wp-content\/uploads\/2024\/03\/learning-metodo.jpg\" alt=\"\" class=\"wp-image-127\" srcset=\"https:\/\/www.learning-s-cool.com\/wp-content\/uploads\/2024\/03\/learning-metodo.jpg 399w, https:\/\/www.learning-s-cool.com\/wp-content\/uploads\/2024\/03\/learning-metodo-300x226.jpg 300w\" sizes=\"auto, (max-width: 399px) 100vw, 399px\" \/><\/figure>\n\n \r\n\t\t\t\r\n\t\t<\/div>\r\n\t\n\n\r\n\t\t<div  class=\"block-8df9b5aa-9fcd-4ade-822f-8f94e1dab452 col areoi-element col-8\">\r\n\t\t\t\r\n\t\t\t\n\n<h1 class=\"wp-block-heading h3\">Tallers en angl\u00e8s per a alumnes d\u2019Educaci\u00f3 Infantil i Prim\u00e0ria<\/h1>\n\n\n\n<p>Les classes es realitzen a les instal\u00b7lacions del centre del client en horari extraescolar (migdies i\/o tardes). Els alumnes no s\u2019han de despla\u00e7ar sin\u00f3 que simplement allarguen la seva jornada escolar.<\/p>\n\n\n\n<p>Tots els tallers tenen una duraci\u00f3 trimestral (aproximadament unes 10 sessions trimestrals, 1 sessi\u00f3 setmanal).<\/p>\n\n\n\n<p>Els alumnes realitzen un total de tres tallers cada curs escolar. La tem\u00e0tica d\u2019aquests \u00e9s molt diversa. Per al disseny dels tallers hem tingut en compte els interessos, habilitats i gustos dels alumnes de cada edat.<\/p>\n\n \r\n\t\t\t\r\n\t\t<\/div>\r\n\t\n \r\n\t\t<\/div>\r\n\t\n\r\n\t\t\t \r\n\t\t<\/div>\r\n\t\n\n\n<p class=\"mt-5\">Exemple d\u2019un curs escolar:<\/p>\n\n\n\n<p data-aos=\"fade-left\" data-aos-duration=\"1500\"><strong>1r trimestre: Cuina<br>2n Trimestre: Experiments<br>3r Trimestre: Teatre<\/strong><\/p>\n\n\n\n<p data-aos=\"fade-left\" data-aos-duration=\"1500\">Intentem que els alumnes realitzin tallers molt diferents a cada trimestre, per tal de poder respondre als interessos de tots i cadascun dels nostres alumnes. El fet de combinar tem\u00e0tiques molt diverses en un mateix any escolar, tamb\u00e9 ens ajuda a mantenir la motivaci\u00f3 dels alumnes.<\/p>\n\n\n\n<p data-aos=\"fade-left\" data-aos-duration=\"1500\">Perqu\u00e8 les nostres classes d\u2019angl\u00e8s s\u00f3n un \u00e8xit i funcionen? Qu\u00e8 ens fa diferents?<\/p>\n\n\n\n<p data-aos=\"fade-left\" data-aos-duration=\"1500\">Les nostres classes van m\u00e9s enll\u00e0 de qualsevol classe d\u2019angl\u00e8s convencional. Entenem que els nostres alumnes arriben a les nostres classes despr\u00e9s d\u2019una dura i llarga jornada escolar i, per tant, estan cansats.<\/p>\n\n\n\r\n\t\t<div  class=\"block-538a6aaa-6cc4-4fb3-a5a1-e44af5a0b095 areoi-element\">\r\n\t\t\t\r\n\t\t\t\n\n<hr class=\"wp-block-separator has-text-color has-alpha-channel-opacity has-background sep\" style=\"background-color:#ffffff;color:#ffffff\"\/>\n\n\r\n\t\t\t \r\n\t\t<\/div>\r\n\t\n\n\n<h2 class=\"wp-block-heading title text-blue mb-3\" data-aos=\"fade-right\" data-aos-duration=\"1500\">Com aconseguim motivar als nostres alumnes perqu\u00e8 gaudeixin dels nostres tallers?<\/h2>\n\n\n\n<p data-aos=\"fade-right\" data-aos-duration=\"1500\">Utilitzem materials molt diversos i visualment atractius. Molts dels materials utilitzats no s\u2019utilitzen habitualment en classes d\u2019idiomes: plats, ganivets, batedora, testos, llavors, farina o llevat\u2026 per posar algun exemple.<\/p>\n\n\n\n<p data-aos=\"fade-right\" data-aos-duration=\"1500\">Combinem activitats molt diverses i treballem amb suports variats, no \u00fanicament sobre paper.<\/p>\n\n\n\n<p data-aos=\"fade-right\" data-aos-duration=\"1500\">Proposem activitats individuals, en parella, en petits grups i tot el grup de la classe, per tal de potenciar tant el treball individual, el treball en equip i la cooperaci\u00f3 de la mateixa manera.<\/p>\n\n\n\n<p data-aos=\"fade-right\" data-aos-duration=\"1500\">Fem del joc una forma d\u2019aprenentatge. Moltes de les activitats es plantegen en format de joc per captar, d\u2019aquesta manera, l\u2019atenci\u00f3 dels nostres alumnes i assegurar-nos el seu \u00e8xit.<\/p>\n\n\n\r\n\t\t<div  class=\"block-538a6aaa-6cc4-4fb3-a5a1-e44af5a0b095 areoi-element\">\r\n\t\t\t\r\n\t\t\t\n\n<hr class=\"wp-block-separator has-text-color has-alpha-channel-opacity has-background sep\" style=\"background-color:#ffffff;color:#ffffff\"\/>\n\n\r\n\t\t\t \r\n\t\t<\/div>\r\n\t\n\r\n\t\t\t \r\n\t\t<\/div>\r\n\t","protected":false},"excerpt":{"rendered":"","protected":false},"author":1,"featured_media":329,"parent":0,"menu_order":0,"comment_status":"closed","ping_status":"closed","template":"","meta":{"_acf_changed":false,"footnotes":""},"class_list":["post-244","page","type-page","status-publish","has-post-thumbnail","hentry"],"acf":[],"yoast_head":"<!-- This site is optimized with the Yoast SEO plugin v26.4 - https:\/\/yoast.com\/wordpress\/plugins\/seo\/ -->\n<title>Classes d&#039;Angl\u00e8s per Primaria i Infantil - Learning S-cool<\/title>\n<meta name=\"description\" content=\"Amb el nostre m\u00e8tode d&#039;aprenentatge de l&#039;angl\u00e8s, els alumnes de primaria i infantil milloraran la seva capacitat de comunicativa.\" \/>\n<meta name=\"robots\" content=\"index, follow, max-snippet:-1, max-image-preview:large, max-video-preview:-1\" \/>\n<link rel=\"canonical\" href=\"https:\/\/www.learning-s-cool.com\/ca\/kids\/\" \/>\n<meta property=\"og:locale\" content=\"ca_ES\" \/>\n<meta property=\"og:type\" content=\"article\" \/>\n<meta property=\"og:title\" content=\"Classes d&#039;Angl\u00e8s per Primaria i Infantil - Learning S-cool\" \/>\n<meta property=\"og:description\" content=\"Amb el nostre m\u00e8tode d&#039;aprenentatge de l&#039;angl\u00e8s, els alumnes de primaria i infantil milloraran la seva capacitat de comunicativa.\" \/>\n<meta property=\"og:url\" content=\"https:\/\/www.learning-s-cool.com\/ca\/kids\/\" \/>\n<meta property=\"og:site_name\" content=\"Learning S-cool\" \/>\n<meta property=\"article:modified_time\" content=\"2024-05-03T09:26:27+00:00\" \/>\n<meta property=\"og:image\" content=\"https:\/\/www.learning-s-cool.com\/wp-content\/uploads\/2024\/04\/aprender_ingles_barcelona_infantil.jpg\" \/>\n\t<meta property=\"og:image:width\" content=\"1279\" \/>\n\t<meta property=\"og:image:height\" content=\"854\" \/>\n\t<meta property=\"og:image:type\" content=\"image\/jpeg\" \/>\n<meta name=\"twitter:card\" content=\"summary_large_image\" \/>\n<meta name=\"twitter:label1\" content=\"Temps estimat de lectura\" \/>\n\t<meta name=\"twitter:data1\" content=\"3 minuts\" \/>\n<script type=\"application\/ld+json\" class=\"yoast-schema-graph\">{\"@context\":\"https:\/\/schema.org\",\"@graph\":[{\"@type\":\"WebPage\",\"@id\":\"https:\/\/www.learning-s-cool.com\/ca\/kids\/\",\"url\":\"https:\/\/www.learning-s-cool.com\/ca\/kids\/\",\"name\":\"Classes d'Angl\u00e8s per Primaria i Infantil - Learning S-cool\",\"isPartOf\":{\"@id\":\"https:\/\/www.learning-s-cool.com\/#website\"},\"primaryImageOfPage\":{\"@id\":\"https:\/\/www.learning-s-cool.com\/ca\/kids\/#primaryimage\"},\"image\":{\"@id\":\"https:\/\/www.learning-s-cool.com\/ca\/kids\/#primaryimage\"},\"thumbnailUrl\":\"https:\/\/www.learning-s-cool.com\/wp-content\/uploads\/2024\/04\/aprender_ingles_barcelona_infantil.jpg\",\"datePublished\":\"2024-03-08T14:31:03+00:00\",\"dateModified\":\"2024-05-03T09:26:27+00:00\",\"description\":\"Amb el nostre m\u00e8tode d'aprenentatge de l'angl\u00e8s, els alumnes de primaria i infantil milloraran la seva capacitat de comunicativa.\",\"breadcrumb\":{\"@id\":\"https:\/\/www.learning-s-cool.com\/ca\/kids\/#breadcrumb\"},\"inLanguage\":\"ca\",\"potentialAction\":[{\"@type\":\"ReadAction\",\"target\":[\"https:\/\/www.learning-s-cool.com\/ca\/kids\/\"]}]},{\"@type\":\"ImageObject\",\"inLanguage\":\"ca\",\"@id\":\"https:\/\/www.learning-s-cool.com\/ca\/kids\/#primaryimage\",\"url\":\"https:\/\/www.learning-s-cool.com\/wp-content\/uploads\/2024\/04\/aprender_ingles_barcelona_infantil.jpg\",\"contentUrl\":\"https:\/\/www.learning-s-cool.com\/wp-content\/uploads\/2024\/04\/aprender_ingles_barcelona_infantil.jpg\",\"width\":1279,\"height\":854},{\"@type\":\"BreadcrumbList\",\"@id\":\"https:\/\/www.learning-s-cool.com\/ca\/kids\/#breadcrumb\",\"itemListElement\":[{\"@type\":\"ListItem\",\"position\":1,\"name\":\"Portada\",\"item\":\"https:\/\/www.learning-s-cool.com\/ca\/\"},{\"@type\":\"ListItem\",\"position\":2,\"name\":\"Kids\"}]},{\"@type\":\"WebSite\",\"@id\":\"https:\/\/www.learning-s-cool.com\/#website\",\"url\":\"https:\/\/www.learning-s-cool.com\/\",\"name\":\"Learning S-cool\",\"description\":\"\",\"publisher\":{\"@id\":\"https:\/\/www.learning-s-cool.com\/#organization\"},\"potentialAction\":[{\"@type\":\"SearchAction\",\"target\":{\"@type\":\"EntryPoint\",\"urlTemplate\":\"https:\/\/www.learning-s-cool.com\/?s={search_term_string}\"},\"query-input\":{\"@type\":\"PropertyValueSpecification\",\"valueRequired\":true,\"valueName\":\"search_term_string\"}}],\"inLanguage\":\"ca\"},{\"@type\":\"Organization\",\"@id\":\"https:\/\/www.learning-s-cool.com\/#organization\",\"name\":\"Learning S-cool\",\"url\":\"https:\/\/www.learning-s-cool.com\/\",\"logo\":{\"@type\":\"ImageObject\",\"inLanguage\":\"ca\",\"@id\":\"https:\/\/www.learning-s-cool.com\/#\/schema\/logo\/image\/\",\"url\":\"https:\/\/www.learning-s-cool.com\/wp-content\/uploads\/2024\/03\/logo.png\",\"contentUrl\":\"https:\/\/www.learning-s-cool.com\/wp-content\/uploads\/2024\/03\/logo.png\",\"width\":387,\"height\":292,\"caption\":\"Learning S-cool\"},\"image\":{\"@id\":\"https:\/\/www.learning-s-cool.com\/#\/schema\/logo\/image\/\"}}]}<\/script>\n<!-- \/ Yoast SEO plugin. -->","yoast_head_json":{"title":"Classes d'Angl\u00e8s per Primaria i Infantil - Learning S-cool","description":"Amb el nostre m\u00e8tode d'aprenentatge de l'angl\u00e8s, els alumnes de primaria i infantil milloraran la seva capacitat de comunicativa.","robots":{"index":"index","follow":"follow","max-snippet":"max-snippet:-1","max-image-preview":"max-image-preview:large","max-video-preview":"max-video-preview:-1"},"canonical":"https:\/\/www.learning-s-cool.com\/ca\/kids\/","og_locale":"ca_ES","og_type":"article","og_title":"Classes d'Angl\u00e8s per Primaria i Infantil - Learning S-cool","og_description":"Amb el nostre m\u00e8tode d'aprenentatge de l'angl\u00e8s, els alumnes de primaria i infantil milloraran la seva capacitat de comunicativa.","og_url":"https:\/\/www.learning-s-cool.com\/ca\/kids\/","og_site_name":"Learning S-cool","article_modified_time":"2024-05-03T09:26:27+00:00","og_image":[{"width":1279,"height":854,"url":"https:\/\/www.learning-s-cool.com\/wp-content\/uploads\/2024\/04\/aprender_ingles_barcelona_infantil.jpg","type":"image\/jpeg"}],"twitter_card":"summary_large_image","twitter_misc":{"Temps estimat de lectura":"3 minuts"},"schema":{"@context":"https:\/\/schema.org","@graph":[{"@type":"WebPage","@id":"https:\/\/www.learning-s-cool.com\/ca\/kids\/","url":"https:\/\/www.learning-s-cool.com\/ca\/kids\/","name":"Classes d'Angl\u00e8s per Primaria i Infantil - Learning S-cool","isPartOf":{"@id":"https:\/\/www.learning-s-cool.com\/#website"},"primaryImageOfPage":{"@id":"https:\/\/www.learning-s-cool.com\/ca\/kids\/#primaryimage"},"image":{"@id":"https:\/\/www.learning-s-cool.com\/ca\/kids\/#primaryimage"},"thumbnailUrl":"https:\/\/www.learning-s-cool.com\/wp-content\/uploads\/2024\/04\/aprender_ingles_barcelona_infantil.jpg","datePublished":"2024-03-08T14:31:03+00:00","dateModified":"2024-05-03T09:26:27+00:00","description":"Amb el nostre m\u00e8tode d'aprenentatge de l'angl\u00e8s, els alumnes de primaria i infantil milloraran la seva capacitat de comunicativa.","breadcrumb":{"@id":"https:\/\/www.learning-s-cool.com\/ca\/kids\/#breadcrumb"},"inLanguage":"ca","potentialAction":[{"@type":"ReadAction","target":["https:\/\/www.learning-s-cool.com\/ca\/kids\/"]}]},{"@type":"ImageObject","inLanguage":"ca","@id":"https:\/\/www.learning-s-cool.com\/ca\/kids\/#primaryimage","url":"https:\/\/www.learning-s-cool.com\/wp-content\/uploads\/2024\/04\/aprender_ingles_barcelona_infantil.jpg","contentUrl":"https:\/\/www.learning-s-cool.com\/wp-content\/uploads\/2024\/04\/aprender_ingles_barcelona_infantil.jpg","width":1279,"height":854},{"@type":"BreadcrumbList","@id":"https:\/\/www.learning-s-cool.com\/ca\/kids\/#breadcrumb","itemListElement":[{"@type":"ListItem","position":1,"name":"Portada","item":"https:\/\/www.learning-s-cool.com\/ca\/"},{"@type":"ListItem","position":2,"name":"Kids"}]},{"@type":"WebSite","@id":"https:\/\/www.learning-s-cool.com\/#website","url":"https:\/\/www.learning-s-cool.com\/","name":"Learning S-cool","description":"","publisher":{"@id":"https:\/\/www.learning-s-cool.com\/#organization"},"potentialAction":[{"@type":"SearchAction","target":{"@type":"EntryPoint","urlTemplate":"https:\/\/www.learning-s-cool.com\/?s={search_term_string}"},"query-input":{"@type":"PropertyValueSpecification","valueRequired":true,"valueName":"search_term_string"}}],"inLanguage":"ca"},{"@type":"Organization","@id":"https:\/\/www.learning-s-cool.com\/#organization","name":"Learning S-cool","url":"https:\/\/www.learning-s-cool.com\/","logo":{"@type":"ImageObject","inLanguage":"ca","@id":"https:\/\/www.learning-s-cool.com\/#\/schema\/logo\/image\/","url":"https:\/\/www.learning-s-cool.com\/wp-content\/uploads\/2024\/03\/logo.png","contentUrl":"https:\/\/www.learning-s-cool.com\/wp-content\/uploads\/2024\/03\/logo.png","width":387,"height":292,"caption":"Learning S-cool"},"image":{"@id":"https:\/\/www.learning-s-cool.com\/#\/schema\/logo\/image\/"}}]}},"_links":{"self":[{"href":"https:\/\/www.learning-s-cool.com\/ca\/wp-json\/wp\/v2\/pages\/244","targetHints":{"allow":["GET"]}}],"collection":[{"href":"https:\/\/www.learning-s-cool.com\/ca\/wp-json\/wp\/v2\/pages"}],"about":[{"href":"https:\/\/www.learning-s-cool.com\/ca\/wp-json\/wp\/v2\/types\/page"}],"author":[{"embeddable":true,"href":"https:\/\/www.learning-s-cool.com\/ca\/wp-json\/wp\/v2\/users\/1"}],"replies":[{"embeddable":true,"href":"https:\/\/www.learning-s-cool.com\/ca\/wp-json\/wp\/v2\/comments?post=244"}],"version-history":[{"count":3,"href":"https:\/\/www.learning-s-cool.com\/ca\/wp-json\/wp\/v2\/pages\/244\/revisions"}],"predecessor-version":[{"id":407,"href":"https:\/\/www.learning-s-cool.com\/ca\/wp-json\/wp\/v2\/pages\/244\/revisions\/407"}],"wp:featuredmedia":[{"embeddable":true,"href":"https:\/\/www.learning-s-cool.com\/ca\/wp-json\/wp\/v2\/media\/329"}],"wp:attachment":[{"href":"https:\/\/www.learning-s-cool.com\/ca\/wp-json\/wp\/v2\/media?parent=244"}],"curies":[{"name":"wp","href":"https:\/\/api.w.org\/{rel}","templated":true}]}}