{"id":246,"date":"2024-03-30T12:41:46","date_gmt":"2024-03-30T11:41:46","guid":{"rendered":"https:\/\/www.learning-s-cool.com\/teens\/"},"modified":"2024-04-16T22:06:24","modified_gmt":"2024-04-16T20:06:24","slug":"teens","status":"publish","type":"page","link":"https:\/\/www.learning-s-cool.com\/ca\/teens\/","title":{"rendered":"Teens"},"content":{"rendered":"\r\n\t\t<div data-aos-duration=\"1500\" data-aos=\"zoom-in\"  class=\"block-ffe73cb1-cef6-4ab6-b239-d0a4e5a73af6 areoi-element mb-5\">\r\n\t\t\t\r\n\t\t\t\n\n<figure class=\"wp-block-gallery has-nested-images columns-default is-cropped wp-block-gallery-1 is-layout-flex wp-block-gallery-is-layout-flex\">\n<figure class=\"wp-block-image size-large mb-0 mask full-img opacity-75\"><img loading=\"lazy\" decoding=\"async\" width=\"1024\" height=\"349\" data-id=\"281\" src=\"https:\/\/www.learning-s-cool.com\/wp-content\/uploads\/2024\/04\/Imagen-pegada-1024x349.png\" alt=\"\" class=\"wp-image-281\" srcset=\"https:\/\/www.learning-s-cool.com\/wp-content\/uploads\/2024\/04\/Imagen-pegada-1024x349.png 1024w, https:\/\/www.learning-s-cool.com\/wp-content\/uploads\/2024\/04\/Imagen-pegada-300x102.png 300w, https:\/\/www.learning-s-cool.com\/wp-content\/uploads\/2024\/04\/Imagen-pegada-768x262.png 768w, https:\/\/www.learning-s-cool.com\/wp-content\/uploads\/2024\/04\/Imagen-pegada-1536x523.png 1536w, https:\/\/www.learning-s-cool.com\/wp-content\/uploads\/2024\/04\/Imagen-pegada-2048x698.png 2048w\" sizes=\"auto, (max-width: 1024px) 100vw, 1024px\" \/><\/figure>\n\n\n\n<figure class=\"wp-block-image size-large mb-0 full-img\"><img loading=\"lazy\" decoding=\"async\" width=\"1024\" height=\"571\" data-id=\"317\" src=\"https:\/\/www.learning-s-cool.com\/wp-content\/uploads\/2024\/04\/clases_ingles_secundaria_bachillerato-1024x571.jpeg\" alt=\"\" class=\"wp-image-317\" srcset=\"https:\/\/www.learning-s-cool.com\/wp-content\/uploads\/2024\/04\/clases_ingles_secundaria_bachillerato-1024x571.jpeg 1024w, https:\/\/www.learning-s-cool.com\/wp-content\/uploads\/2024\/04\/clases_ingles_secundaria_bachillerato-300x167.jpeg 300w, https:\/\/www.learning-s-cool.com\/wp-content\/uploads\/2024\/04\/clases_ingles_secundaria_bachillerato-768x428.jpeg 768w, https:\/\/www.learning-s-cool.com\/wp-content\/uploads\/2024\/04\/clases_ingles_secundaria_bachillerato.jpeg 1260w\" sizes=\"auto, (max-width: 1024px) 100vw, 1024px\" \/><\/figure>\n<\/figure>\n\n\r\n\t\t\t \r\n\t\t<\/div>\r\n\t\n\n\r\n\t\t<div  class=\"block-aa57752b-fe3b-4903-9f4f-d86f193aae20 areoi-element px-5 mb-5\">\r\n\t\t\t\r\n\t\t\t\n\r\n\t\t<div  class=\"block-a4d0f862-b3fb-4a45-aa28-6a25dd9d958f areoi-element\">\r\n\t\t\t\r\n\t\t\t\n\n<h2 class=\"wp-block-heading title text-blue mb-3\" data-aos=\"zoom-in\" data-aos-duration=\"1550\">Angl\u00e8s extraescolar Teens<\/h2>\n\n\n\r\n\t\t<div  class=\"block-6bb044db-8e33-43e0-9093-d00d494c99b8 row areoi-element gx-3 gy-4 row-lg\">\r\n\t\t\t\r\n\r\n\t\t\t\n\r\n\t\t<div  class=\"block-4c3b79e9-35d5-4f67-8c98-26ce1b31f32c col areoi-element col-4\">\r\n\t\t\t\r\n\t\t\t\n\n<figure class=\"wp-block-image size-full mb-0 w-100\"><img loading=\"lazy\" decoding=\"async\" width=\"640\" height=\"424\" src=\"https:\/\/www.learning-s-cool.com\/wp-content\/uploads\/2024\/04\/aprender_ingles_jovenes_secundaria_barcelona.jpg\" alt=\"\" class=\"wp-image-335\" srcset=\"https:\/\/www.learning-s-cool.com\/wp-content\/uploads\/2024\/04\/aprender_ingles_jovenes_secundaria_barcelona.jpg 640w, https:\/\/www.learning-s-cool.com\/wp-content\/uploads\/2024\/04\/aprender_ingles_jovenes_secundaria_barcelona-300x199.jpg 300w\" sizes=\"auto, (max-width: 640px) 100vw, 640px\" \/><\/figure>\n\n \r\n\t\t\t\r\n\t\t<\/div>\r\n\t\n\n\r\n\t\t<div  class=\"block-8df9b5aa-9fcd-4ade-822f-8f94e1dab452 col areoi-element col-8\">\r\n\t\t\t\r\n\t\t\t\n\n<h1 class=\"wp-block-heading h3\" data-aos=\"fade-left\" data-aos-duration=\"1500\">Classes d\u2019angl\u00e8s per a alumnes de Secundaria i Batxillerat<\/h1>\n\n\n\n<p>L\u2019objectiu principal dels cursos \u00e9s que els alumnes millorin la seva compet\u00e8ncia comunicativa en llengua anglesa. Treballem tots els aspectes de la llengua, tant la comprensi\u00f3 com l&#8217;expressi\u00f3 oral i escrita. Es potenciar\u00e0 al m\u00e0xim l\u2019expressi\u00f3 oral dels alumnes en llengua anglesa. Tamb\u00e9 preparem els alumnes per a presentar-se als ex\u00e0mens oficials de Cambridge.<\/p>\n\n\n\n<p data-aos=\"fade-left\" data-aos-duration=\"1500\">Les classes es realitzen a les instal\u00b7lacions del centre del client en horari extraescolar (migdies i\/o tardes).<\/p>\n\n\n\n<p data-aos=\"fade-left\" data-aos-duration=\"1550\">Els alumnes no s\u2019han de despla\u00e7ar sin\u00f3 que simplement allarguen la seva jornada escolar.<\/p>\n\n\n\n<p data-aos=\"fade-left\" data-aos-duration=\"1500\">Abans de fer la inscripci\u00f3, es realitza una prova de nivell per organitzar els grups en funci\u00f3 del nivell d\u2019angl\u00e8s dels alumnes.<\/p>\n\n\n\n<p data-aos=\"fade-left\" data-aos-duration=\"1500\">Les classes es programen en funci\u00f3 del nivell, les necessitats i els objectius de cada grup d\u2019alumnes.<\/p>\n\n\n\n<p data-aos=\"fade-left\" data-aos-duration=\"1500\">Hi ha diverses opcions: seguir un llibre de text, fer un taller, combinar un taller amb la preparaci\u00f3 d\u2019ex\u00e0mens oficials si es desitja.<\/p>\n\n \r\n\t\t\t\r\n\t\t<\/div>\r\n\t\n \r\n\t\t<\/div>\r\n\t\n\r\n\t\t\t \r\n\t\t<\/div>\r\n\t\n\n\r\n\t\t<div  class=\"block-538a6aaa-6cc4-4fb3-a5a1-e44af5a0b095 areoi-element\">\r\n\t\t\t\r\n\t\t\t\n\n<hr class=\"wp-block-separator has-text-color has-alpha-channel-opacity has-background sep\" style=\"background-color:#ffffff;color:#ffffff\"\/>\n\n\r\n\t\t\t \r\n\t\t<\/div>\r\n\t\n\r\n\t\t\t \r\n\t\t<\/div>\r\n\t","protected":false},"excerpt":{"rendered":"","protected":false},"author":1,"featured_media":317,"parent":0,"menu_order":0,"comment_status":"closed","ping_status":"closed","template":"","meta":{"_acf_changed":false,"footnotes":""},"class_list":["post-246","page","type-page","status-publish","has-post-thumbnail","hentry"],"acf":[],"yoast_head":"<!-- This site is optimized with the Yoast SEO plugin v26.4 - https:\/\/yoast.com\/wordpress\/plugins\/seo\/ -->\n<title>Classes d&#039;Angl\u00e8s per Secund\u00e0ria i Batxillerat - Learning S-cool<\/title>\n<meta name=\"description\" content=\"Amb el nostre m\u00e8tode d&#039;aprenentatge de l&#039;angl\u00e8s, els alumnes de secund\u00e0ria i de batxillerat milloraran la seva capacitat de comunicativa.\" \/>\n<meta name=\"robots\" content=\"index, follow, max-snippet:-1, max-image-preview:large, max-video-preview:-1\" \/>\n<link rel=\"canonical\" href=\"https:\/\/www.learning-s-cool.com\/ca\/teens\/\" \/>\n<meta property=\"og:locale\" content=\"ca_ES\" \/>\n<meta property=\"og:type\" content=\"article\" \/>\n<meta property=\"og:title\" content=\"Classes d&#039;Angl\u00e8s per Secund\u00e0ria i Batxillerat - Learning S-cool\" \/>\n<meta property=\"og:description\" content=\"Amb el nostre m\u00e8tode d&#039;aprenentatge de l&#039;angl\u00e8s, els alumnes de secund\u00e0ria i de batxillerat milloraran la seva capacitat de comunicativa.\" \/>\n<meta property=\"og:url\" content=\"https:\/\/www.learning-s-cool.com\/ca\/teens\/\" \/>\n<meta property=\"og:site_name\" content=\"Learning S-cool\" \/>\n<meta property=\"article:modified_time\" content=\"2024-04-16T20:06:24+00:00\" \/>\n<meta property=\"og:image\" content=\"https:\/\/www.learning-s-cool.com\/wp-content\/uploads\/2024\/04\/clases_ingles_secundaria_bachillerato.jpeg\" \/>\n\t<meta property=\"og:image:width\" content=\"1260\" \/>\n\t<meta property=\"og:image:height\" content=\"702\" \/>\n\t<meta property=\"og:image:type\" content=\"image\/jpeg\" \/>\n<meta name=\"twitter:card\" content=\"summary_large_image\" \/>\n<meta name=\"twitter:label1\" content=\"Temps estimat de lectura\" \/>\n\t<meta name=\"twitter:data1\" content=\"2 minuts\" \/>\n<script type=\"application\/ld+json\" class=\"yoast-schema-graph\">{\"@context\":\"https:\/\/schema.org\",\"@graph\":[{\"@type\":\"WebPage\",\"@id\":\"https:\/\/www.learning-s-cool.com\/ca\/teens\/\",\"url\":\"https:\/\/www.learning-s-cool.com\/ca\/teens\/\",\"name\":\"Classes d'Angl\u00e8s per Secund\u00e0ria i Batxillerat - Learning S-cool\",\"isPartOf\":{\"@id\":\"https:\/\/www.learning-s-cool.com\/#website\"},\"primaryImageOfPage\":{\"@id\":\"https:\/\/www.learning-s-cool.com\/ca\/teens\/#primaryimage\"},\"image\":{\"@id\":\"https:\/\/www.learning-s-cool.com\/ca\/teens\/#primaryimage\"},\"thumbnailUrl\":\"https:\/\/www.learning-s-cool.com\/wp-content\/uploads\/2024\/04\/clases_ingles_secundaria_bachillerato.jpeg\",\"datePublished\":\"2024-03-30T11:41:46+00:00\",\"dateModified\":\"2024-04-16T20:06:24+00:00\",\"description\":\"Amb el nostre m\u00e8tode d'aprenentatge de l'angl\u00e8s, els alumnes de secund\u00e0ria i de batxillerat milloraran la seva capacitat de comunicativa.\",\"breadcrumb\":{\"@id\":\"https:\/\/www.learning-s-cool.com\/ca\/teens\/#breadcrumb\"},\"inLanguage\":\"ca\",\"potentialAction\":[{\"@type\":\"ReadAction\",\"target\":[\"https:\/\/www.learning-s-cool.com\/ca\/teens\/\"]}]},{\"@type\":\"ImageObject\",\"inLanguage\":\"ca\",\"@id\":\"https:\/\/www.learning-s-cool.com\/ca\/teens\/#primaryimage\",\"url\":\"https:\/\/www.learning-s-cool.com\/wp-content\/uploads\/2024\/04\/clases_ingles_secundaria_bachillerato.jpeg\",\"contentUrl\":\"https:\/\/www.learning-s-cool.com\/wp-content\/uploads\/2024\/04\/clases_ingles_secundaria_bachillerato.jpeg\",\"width\":1260,\"height\":702,\"caption\":\"un juego de scrabble mostrando palabras que evocan las clases de ingl\u00e9s extraescolar.\"},{\"@type\":\"BreadcrumbList\",\"@id\":\"https:\/\/www.learning-s-cool.com\/ca\/teens\/#breadcrumb\",\"itemListElement\":[{\"@type\":\"ListItem\",\"position\":1,\"name\":\"Portada\",\"item\":\"https:\/\/www.learning-s-cool.com\/ca\/\"},{\"@type\":\"ListItem\",\"position\":2,\"name\":\"Teens\"}]},{\"@type\":\"WebSite\",\"@id\":\"https:\/\/www.learning-s-cool.com\/#website\",\"url\":\"https:\/\/www.learning-s-cool.com\/\",\"name\":\"Learning S-cool\",\"description\":\"\",\"publisher\":{\"@id\":\"https:\/\/www.learning-s-cool.com\/#organization\"},\"potentialAction\":[{\"@type\":\"SearchAction\",\"target\":{\"@type\":\"EntryPoint\",\"urlTemplate\":\"https:\/\/www.learning-s-cool.com\/?s={search_term_string}\"},\"query-input\":{\"@type\":\"PropertyValueSpecification\",\"valueRequired\":true,\"valueName\":\"search_term_string\"}}],\"inLanguage\":\"ca\"},{\"@type\":\"Organization\",\"@id\":\"https:\/\/www.learning-s-cool.com\/#organization\",\"name\":\"Learning S-cool\",\"url\":\"https:\/\/www.learning-s-cool.com\/\",\"logo\":{\"@type\":\"ImageObject\",\"inLanguage\":\"ca\",\"@id\":\"https:\/\/www.learning-s-cool.com\/#\/schema\/logo\/image\/\",\"url\":\"https:\/\/www.learning-s-cool.com\/wp-content\/uploads\/2024\/03\/logo.png\",\"contentUrl\":\"https:\/\/www.learning-s-cool.com\/wp-content\/uploads\/2024\/03\/logo.png\",\"width\":387,\"height\":292,\"caption\":\"Learning S-cool\"},\"image\":{\"@id\":\"https:\/\/www.learning-s-cool.com\/#\/schema\/logo\/image\/\"}}]}<\/script>\n<!-- \/ Yoast SEO plugin. -->","yoast_head_json":{"title":"Classes d'Angl\u00e8s per Secund\u00e0ria i Batxillerat - Learning S-cool","description":"Amb el nostre m\u00e8tode d'aprenentatge de l'angl\u00e8s, els alumnes de secund\u00e0ria i de batxillerat milloraran la seva capacitat de comunicativa.","robots":{"index":"index","follow":"follow","max-snippet":"max-snippet:-1","max-image-preview":"max-image-preview:large","max-video-preview":"max-video-preview:-1"},"canonical":"https:\/\/www.learning-s-cool.com\/ca\/teens\/","og_locale":"ca_ES","og_type":"article","og_title":"Classes d'Angl\u00e8s per Secund\u00e0ria i Batxillerat - Learning S-cool","og_description":"Amb el nostre m\u00e8tode d'aprenentatge de l'angl\u00e8s, els alumnes de secund\u00e0ria i de batxillerat milloraran la seva capacitat de comunicativa.","og_url":"https:\/\/www.learning-s-cool.com\/ca\/teens\/","og_site_name":"Learning S-cool","article_modified_time":"2024-04-16T20:06:24+00:00","og_image":[{"width":1260,"height":702,"url":"https:\/\/www.learning-s-cool.com\/wp-content\/uploads\/2024\/04\/clases_ingles_secundaria_bachillerato.jpeg","type":"image\/jpeg"}],"twitter_card":"summary_large_image","twitter_misc":{"Temps estimat de lectura":"2 minuts"},"schema":{"@context":"https:\/\/schema.org","@graph":[{"@type":"WebPage","@id":"https:\/\/www.learning-s-cool.com\/ca\/teens\/","url":"https:\/\/www.learning-s-cool.com\/ca\/teens\/","name":"Classes d'Angl\u00e8s per Secund\u00e0ria i Batxillerat - Learning S-cool","isPartOf":{"@id":"https:\/\/www.learning-s-cool.com\/#website"},"primaryImageOfPage":{"@id":"https:\/\/www.learning-s-cool.com\/ca\/teens\/#primaryimage"},"image":{"@id":"https:\/\/www.learning-s-cool.com\/ca\/teens\/#primaryimage"},"thumbnailUrl":"https:\/\/www.learning-s-cool.com\/wp-content\/uploads\/2024\/04\/clases_ingles_secundaria_bachillerato.jpeg","datePublished":"2024-03-30T11:41:46+00:00","dateModified":"2024-04-16T20:06:24+00:00","description":"Amb el nostre m\u00e8tode d'aprenentatge de l'angl\u00e8s, els alumnes de secund\u00e0ria i de batxillerat milloraran la seva capacitat de comunicativa.","breadcrumb":{"@id":"https:\/\/www.learning-s-cool.com\/ca\/teens\/#breadcrumb"},"inLanguage":"ca","potentialAction":[{"@type":"ReadAction","target":["https:\/\/www.learning-s-cool.com\/ca\/teens\/"]}]},{"@type":"ImageObject","inLanguage":"ca","@id":"https:\/\/www.learning-s-cool.com\/ca\/teens\/#primaryimage","url":"https:\/\/www.learning-s-cool.com\/wp-content\/uploads\/2024\/04\/clases_ingles_secundaria_bachillerato.jpeg","contentUrl":"https:\/\/www.learning-s-cool.com\/wp-content\/uploads\/2024\/04\/clases_ingles_secundaria_bachillerato.jpeg","width":1260,"height":702,"caption":"un juego de scrabble mostrando palabras que evocan las clases de ingl\u00e9s extraescolar."},{"@type":"BreadcrumbList","@id":"https:\/\/www.learning-s-cool.com\/ca\/teens\/#breadcrumb","itemListElement":[{"@type":"ListItem","position":1,"name":"Portada","item":"https:\/\/www.learning-s-cool.com\/ca\/"},{"@type":"ListItem","position":2,"name":"Teens"}]},{"@type":"WebSite","@id":"https:\/\/www.learning-s-cool.com\/#website","url":"https:\/\/www.learning-s-cool.com\/","name":"Learning S-cool","description":"","publisher":{"@id":"https:\/\/www.learning-s-cool.com\/#organization"},"potentialAction":[{"@type":"SearchAction","target":{"@type":"EntryPoint","urlTemplate":"https:\/\/www.learning-s-cool.com\/?s={search_term_string}"},"query-input":{"@type":"PropertyValueSpecification","valueRequired":true,"valueName":"search_term_string"}}],"inLanguage":"ca"},{"@type":"Organization","@id":"https:\/\/www.learning-s-cool.com\/#organization","name":"Learning S-cool","url":"https:\/\/www.learning-s-cool.com\/","logo":{"@type":"ImageObject","inLanguage":"ca","@id":"https:\/\/www.learning-s-cool.com\/#\/schema\/logo\/image\/","url":"https:\/\/www.learning-s-cool.com\/wp-content\/uploads\/2024\/03\/logo.png","contentUrl":"https:\/\/www.learning-s-cool.com\/wp-content\/uploads\/2024\/03\/logo.png","width":387,"height":292,"caption":"Learning S-cool"},"image":{"@id":"https:\/\/www.learning-s-cool.com\/#\/schema\/logo\/image\/"}}]}},"_links":{"self":[{"href":"https:\/\/www.learning-s-cool.com\/ca\/wp-json\/wp\/v2\/pages\/246","targetHints":{"allow":["GET"]}}],"collection":[{"href":"https:\/\/www.learning-s-cool.com\/ca\/wp-json\/wp\/v2\/pages"}],"about":[{"href":"https:\/\/www.learning-s-cool.com\/ca\/wp-json\/wp\/v2\/types\/page"}],"author":[{"embeddable":true,"href":"https:\/\/www.learning-s-cool.com\/ca\/wp-json\/wp\/v2\/users\/1"}],"replies":[{"embeddable":true,"href":"https:\/\/www.learning-s-cool.com\/ca\/wp-json\/wp\/v2\/comments?post=246"}],"version-history":[{"count":2,"href":"https:\/\/www.learning-s-cool.com\/ca\/wp-json\/wp\/v2\/pages\/246\/revisions"}],"predecessor-version":[{"id":367,"href":"https:\/\/www.learning-s-cool.com\/ca\/wp-json\/wp\/v2\/pages\/246\/revisions\/367"}],"wp:featuredmedia":[{"embeddable":true,"href":"https:\/\/www.learning-s-cool.com\/ca\/wp-json\/wp\/v2\/media\/317"}],"wp:attachment":[{"href":"https:\/\/www.learning-s-cool.com\/ca\/wp-json\/wp\/v2\/media?parent=246"}],"curies":[{"name":"wp","href":"https:\/\/api.w.org\/{rel}","templated":true}]}}