{"id":248,"date":"2024-03-30T12:42:05","date_gmt":"2024-03-30T11:42:05","guid":{"rendered":"https:\/\/www.learning-s-cool.com\/learning-at-home\/"},"modified":"2024-04-16T16:02:19","modified_gmt":"2024-04-16T14:02:19","slug":"learning-at-home","status":"publish","type":"page","link":"https:\/\/www.learning-s-cool.com\/ca\/learning-at-home\/","title":{"rendered":"Learning at home"},"content":{"rendered":"\r\n\t\t<div data-aos-duration=\"1500\" data-aos=\"zoom-in\"  class=\"block-ffe73cb1-cef6-4ab6-b239-d0a4e5a73af6 areoi-element mb-5\">\r\n\t\t\t\r\n\t\t\t\n\n<figure class=\"wp-block-image size-full mb-0 mask full-img opacity-75\"><img loading=\"lazy\" decoding=\"async\" width=\"2284\" height=\"778\" src=\"https:\/\/www.learning-s-cool.com\/wp-content\/uploads\/2024\/04\/Imagen-pegada.png\" alt=\"\" class=\"wp-image-281\" srcset=\"https:\/\/www.learning-s-cool.com\/wp-content\/uploads\/2024\/04\/Imagen-pegada.png 2284w, https:\/\/www.learning-s-cool.com\/wp-content\/uploads\/2024\/04\/Imagen-pegada-300x102.png 300w, https:\/\/www.learning-s-cool.com\/wp-content\/uploads\/2024\/04\/Imagen-pegada-1024x349.png 1024w, https:\/\/www.learning-s-cool.com\/wp-content\/uploads\/2024\/04\/Imagen-pegada-768x262.png 768w, https:\/\/www.learning-s-cool.com\/wp-content\/uploads\/2024\/04\/Imagen-pegada-1536x523.png 1536w, https:\/\/www.learning-s-cool.com\/wp-content\/uploads\/2024\/04\/Imagen-pegada-2048x698.png 2048w\" sizes=\"auto, (max-width: 2284px) 100vw, 2284px\" \/><\/figure>\n\n\n\n<figure class=\"wp-block-image size-full mb-0 full-img\"><img loading=\"lazy\" decoding=\"async\" width=\"1143\" height=\"380\" src=\"https:\/\/www.learning-s-cool.com\/wp-content\/uploads\/2024\/03\/learning-s-cool.jpg\" alt=\"\" class=\"wp-image-106\" srcset=\"https:\/\/www.learning-s-cool.com\/wp-content\/uploads\/2024\/03\/learning-s-cool.jpg 1143w, https:\/\/www.learning-s-cool.com\/wp-content\/uploads\/2024\/03\/learning-s-cool-300x100.jpg 300w, https:\/\/www.learning-s-cool.com\/wp-content\/uploads\/2024\/03\/learning-s-cool-1024x340.jpg 1024w, https:\/\/www.learning-s-cool.com\/wp-content\/uploads\/2024\/03\/learning-s-cool-768x255.jpg 768w\" sizes=\"auto, (max-width: 1143px) 100vw, 1143px\" \/><\/figure>\n\n\r\n\t\t\t \r\n\t\t<\/div>\r\n\t\n\n\r\n\t\t<div  class=\"block-aa57752b-fe3b-4903-9f4f-d86f193aae20 areoi-element px-5 mb-5\">\r\n\t\t\t\r\n\t\t\t\n\r\n\t\t<div  class=\"block-a4d0f862-b3fb-4a45-aa28-6a25dd9d958f areoi-element\">\r\n\t\t\t\r\n\t\t\t\n\n<h1 class=\"wp-block-heading title text-blue mb-3 h2\" data-aos=\"zoom-in\" data-aos-duration=\"1500\">Learning at Home<\/h1>\n\n\n\r\n\t\t<div  class=\"block-6bb044db-8e33-43e0-9093-d00d494c99b8 row areoi-element gx-3 gy-4 row-lg\">\r\n\t\t\t\r\n\r\n\t\t\t\n\r\n\t\t<div  class=\"block-4c3b79e9-35d5-4f67-8c98-26ce1b31f32c col areoi-element col-4\">\r\n\t\t\t\r\n\t\t\t\n\n<figure class=\"wp-block-image size-full mb-0 w-100\"><img loading=\"lazy\" decoding=\"async\" width=\"640\" height=\"427\" src=\"https:\/\/www.learning-s-cool.com\/wp-content\/uploads\/2024\/04\/aprender_ingles_casa_learning_at_home.jpg\" alt=\"\" class=\"wp-image-340\" srcset=\"https:\/\/www.learning-s-cool.com\/wp-content\/uploads\/2024\/04\/aprender_ingles_casa_learning_at_home.jpg 640w, https:\/\/www.learning-s-cool.com\/wp-content\/uploads\/2024\/04\/aprender_ingles_casa_learning_at_home-300x200.jpg 300w\" sizes=\"auto, (max-width: 640px) 100vw, 640px\" \/><\/figure>\n\n \r\n\t\t\t\r\n\t\t<\/div>\r\n\t\n\n\r\n\t\t<div  class=\"block-8df9b5aa-9fcd-4ade-822f-8f94e1dab452 col areoi-element col-8\">\r\n\t\t\t\r\n\t\t\t\n\n<p data-aos=\"fade-left\" data-aos-duration=\"1500\">Si vols aprendre angl\u00e8s sense necessitat de moure\u2019t de casa, Learning S Cool t\u2019ho posa f\u00e0cil. Els nostres professors es despla\u00e7aran fins al teu domicili en l\u2019horari que millor s\u2019adapti a les teves necessitats. Les classes poden ser individuals o en grup redu\u00eft. Tu mateix esculls als teus companys de classe.<\/p>\n\n\n\n<h2 class=\"wp-block-heading title text-blue mb-3\" data-aos=\"zoom-in\" data-aos-duration=\"1500\">Qu\u00e8 ofereix Learning at Home?<\/h2>\n\n\n\n<h3 class=\"wp-block-heading\" data-aos=\"fade-right\" data-aos-duration=\"1500\">Tallers en angl\u00e8s des de casa per a nens<\/h3>\n\n\n\n<ul class=\"wp-block-list\" data-aos=\"fade-right\" data-aos-duration=\"1500\">\n<li>Tallers interdisciplinaris de tem\u00e0tica diversa (cuina, experiments, jardineria, m\u00fasica, jocs, pintura i escultura, manualitats\u2026).<\/li>\n\n\n\n<li>Els tallers tenen una durada trimestral, de manera que els alumnes realitzen un total de tres tallers diferents cada curs.<\/li>\n\n\n\n<li>El preu inclou tots els materials did\u00e0ctics necessaris per a la realitzaci\u00f3 dels tallers (fotoc\u00f2pies, jocs, ingredients en el cas de tallers de cuina\u2026).<\/li>\n<\/ul>\n\n \r\n\t\t\t\r\n\t\t<\/div>\r\n\t\n \r\n\t\t<\/div>\r\n\t\n\r\n\t\t\t \r\n\t\t<\/div>\r\n\t\n\n\n<h3 class=\"wp-block-heading\" data-aos=\"fade-left\" data-aos-duration=\"1500\">Classes d&#8217;angl\u00e8s des de casa per a joves \u2013 adults<\/h3>\n\n\n\n<ul class=\"wp-block-list\" data-aos=\"fade-left\" data-aos-duration=\"1500\">\n<li>Les classes es poden organitzar a trav\u00e9s de tallers o b\u00e9 es poden organitzar classes per aconseguir objectius espec\u00edfics; per exemple, preparaci\u00f3 dels ex\u00e0mens oficials.<\/li>\n\n\n\n<li>S\u2019aconsella fer un parell de sessions a la setmana.<\/li>\n\n\n\n<li>En funci\u00f3 de les necessitats i interessos, Learning S Cool dissenyar\u00e0 un programa espec\u00edfic perqu\u00e8 aconsegueixis els teus objectius ling\u00fc\u00edstics el m\u00e9s aviat possible.<\/li>\n\n\n\n<li>Classes de conversa, angl\u00e8s comercial\u2026<\/li>\n<\/ul>\n\n\n\n<h3 class=\"wp-block-heading\" data-aos=\"fade-right\" data-aos-duration=\"1500\">Preparaci\u00f3 d\u2019ex\u00e0mens oficials<\/h3>\n\n\n\n<ul class=\"wp-block-list\" data-aos=\"fade-right\" data-aos-duration=\"1500\">\n<li>Classes espec\u00edfiques per a la preparaci\u00f3 d\u2019ex\u00e0mens oficiales: A2 Key, B1 Preliminary, B2 First, C1 Advanced, C2 Proficiency&#8230;<\/li>\n\n\n\n<li>La quantitat de sessions de classe, ser\u00e0 a elecci\u00f3 dels alumnes.<\/li>\n\n\n\n<li>El preu de les sessions dependr\u00e0 del nombre d\u2019alumnes i de la quantitat de sessions contractades.<\/li>\n<\/ul>\n\n\n\r\n\t\t<div  class=\"block-538a6aaa-6cc4-4fb3-a5a1-e44af5a0b095 areoi-element\">\r\n\t\t\t\r\n\t\t\t\n\n<hr class=\"wp-block-separator has-text-color has-alpha-channel-opacity has-background sep\" style=\"background-color:#ffffff;color:#ffffff\"\/>\n\n\r\n\t\t\t \r\n\t\t<\/div>\r\n\t\n\r\n\t\t\t \r\n\t\t<\/div>\r\n\t","protected":false},"excerpt":{"rendered":"","protected":false},"author":1,"featured_media":340,"parent":0,"menu_order":0,"comment_status":"closed","ping_status":"closed","template":"","meta":{"_acf_changed":false,"footnotes":""},"class_list":["post-248","page","type-page","status-publish","has-post-thumbnail","hentry"],"acf":[],"yoast_head":"<!-- This site is optimized with the Yoast SEO plugin v26.4 - https:\/\/yoast.com\/wordpress\/plugins\/seo\/ -->\n<title>Aprendere Angl\u00e8s des de Casa - Learning S-cool<\/title>\n<meta name=\"description\" content=\"Si vols aprendre angl\u00e8s sense sortir de la llar, t&#039;ho posem f\u00e0cil. Els nostres professors es despla\u00e7aran perqu\u00e8 aprenguis angl\u00e8s des de casa.\" \/>\n<meta name=\"robots\" content=\"index, follow, max-snippet:-1, max-image-preview:large, max-video-preview:-1\" \/>\n<link rel=\"canonical\" href=\"https:\/\/www.learning-s-cool.com\/ca\/learning-at-home\/\" \/>\n<meta property=\"og:locale\" content=\"ca_ES\" \/>\n<meta property=\"og:type\" content=\"article\" \/>\n<meta property=\"og:title\" content=\"Aprendere Angl\u00e8s des de Casa - Learning S-cool\" \/>\n<meta property=\"og:description\" content=\"Si vols aprendre angl\u00e8s sense sortir de la llar, t&#039;ho posem f\u00e0cil. Els nostres professors es despla\u00e7aran perqu\u00e8 aprenguis angl\u00e8s des de casa.\" \/>\n<meta property=\"og:url\" content=\"https:\/\/www.learning-s-cool.com\/ca\/learning-at-home\/\" \/>\n<meta property=\"og:site_name\" content=\"Learning S-cool\" \/>\n<meta property=\"article:modified_time\" content=\"2024-04-16T14:02:19+00:00\" \/>\n<meta property=\"og:image\" content=\"https:\/\/www.learning-s-cool.com\/wp-content\/uploads\/2024\/04\/aprender_ingles_casa_learning_at_home.jpg\" \/>\n\t<meta property=\"og:image:width\" content=\"640\" \/>\n\t<meta property=\"og:image:height\" content=\"427\" \/>\n\t<meta property=\"og:image:type\" content=\"image\/jpeg\" \/>\n<meta name=\"twitter:card\" content=\"summary_large_image\" \/>\n<meta name=\"twitter:label1\" content=\"Temps estimat de lectura\" \/>\n\t<meta name=\"twitter:data1\" content=\"2 minuts\" \/>\n<script type=\"application\/ld+json\" class=\"yoast-schema-graph\">{\"@context\":\"https:\/\/schema.org\",\"@graph\":[{\"@type\":\"WebPage\",\"@id\":\"https:\/\/www.learning-s-cool.com\/ca\/learning-at-home\/\",\"url\":\"https:\/\/www.learning-s-cool.com\/ca\/learning-at-home\/\",\"name\":\"Aprendere Angl\u00e8s des de Casa - Learning S-cool\",\"isPartOf\":{\"@id\":\"https:\/\/www.learning-s-cool.com\/#website\"},\"primaryImageOfPage\":{\"@id\":\"https:\/\/www.learning-s-cool.com\/ca\/learning-at-home\/#primaryimage\"},\"image\":{\"@id\":\"https:\/\/www.learning-s-cool.com\/ca\/learning-at-home\/#primaryimage\"},\"thumbnailUrl\":\"https:\/\/www.learning-s-cool.com\/wp-content\/uploads\/2024\/04\/aprender_ingles_casa_learning_at_home.jpg\",\"datePublished\":\"2024-03-30T11:42:05+00:00\",\"dateModified\":\"2024-04-16T14:02:19+00:00\",\"description\":\"Si vols aprendre angl\u00e8s sense sortir de la llar, t'ho posem f\u00e0cil. Els nostres professors es despla\u00e7aran perqu\u00e8 aprenguis angl\u00e8s des de casa.\",\"breadcrumb\":{\"@id\":\"https:\/\/www.learning-s-cool.com\/ca\/learning-at-home\/#breadcrumb\"},\"inLanguage\":\"ca\",\"potentialAction\":[{\"@type\":\"ReadAction\",\"target\":[\"https:\/\/www.learning-s-cool.com\/ca\/learning-at-home\/\"]}]},{\"@type\":\"ImageObject\",\"inLanguage\":\"ca\",\"@id\":\"https:\/\/www.learning-s-cool.com\/ca\/learning-at-home\/#primaryimage\",\"url\":\"https:\/\/www.learning-s-cool.com\/wp-content\/uploads\/2024\/04\/aprender_ingles_casa_learning_at_home.jpg\",\"contentUrl\":\"https:\/\/www.learning-s-cool.com\/wp-content\/uploads\/2024\/04\/aprender_ingles_casa_learning_at_home.jpg\",\"width\":640,\"height\":427},{\"@type\":\"BreadcrumbList\",\"@id\":\"https:\/\/www.learning-s-cool.com\/ca\/learning-at-home\/#breadcrumb\",\"itemListElement\":[{\"@type\":\"ListItem\",\"position\":1,\"name\":\"Portada\",\"item\":\"https:\/\/www.learning-s-cool.com\/ca\/\"},{\"@type\":\"ListItem\",\"position\":2,\"name\":\"Learning at home\"}]},{\"@type\":\"WebSite\",\"@id\":\"https:\/\/www.learning-s-cool.com\/#website\",\"url\":\"https:\/\/www.learning-s-cool.com\/\",\"name\":\"Learning S-cool\",\"description\":\"\",\"publisher\":{\"@id\":\"https:\/\/www.learning-s-cool.com\/#organization\"},\"potentialAction\":[{\"@type\":\"SearchAction\",\"target\":{\"@type\":\"EntryPoint\",\"urlTemplate\":\"https:\/\/www.learning-s-cool.com\/?s={search_term_string}\"},\"query-input\":{\"@type\":\"PropertyValueSpecification\",\"valueRequired\":true,\"valueName\":\"search_term_string\"}}],\"inLanguage\":\"ca\"},{\"@type\":\"Organization\",\"@id\":\"https:\/\/www.learning-s-cool.com\/#organization\",\"name\":\"Learning S-cool\",\"url\":\"https:\/\/www.learning-s-cool.com\/\",\"logo\":{\"@type\":\"ImageObject\",\"inLanguage\":\"ca\",\"@id\":\"https:\/\/www.learning-s-cool.com\/#\/schema\/logo\/image\/\",\"url\":\"https:\/\/www.learning-s-cool.com\/wp-content\/uploads\/2024\/03\/logo.png\",\"contentUrl\":\"https:\/\/www.learning-s-cool.com\/wp-content\/uploads\/2024\/03\/logo.png\",\"width\":387,\"height\":292,\"caption\":\"Learning S-cool\"},\"image\":{\"@id\":\"https:\/\/www.learning-s-cool.com\/#\/schema\/logo\/image\/\"}}]}<\/script>\n<!-- \/ Yoast SEO plugin. -->","yoast_head_json":{"title":"Aprendere Angl\u00e8s des de Casa - Learning S-cool","description":"Si vols aprendre angl\u00e8s sense sortir de la llar, t'ho posem f\u00e0cil. Els nostres professors es despla\u00e7aran perqu\u00e8 aprenguis angl\u00e8s des de casa.","robots":{"index":"index","follow":"follow","max-snippet":"max-snippet:-1","max-image-preview":"max-image-preview:large","max-video-preview":"max-video-preview:-1"},"canonical":"https:\/\/www.learning-s-cool.com\/ca\/learning-at-home\/","og_locale":"ca_ES","og_type":"article","og_title":"Aprendere Angl\u00e8s des de Casa - Learning S-cool","og_description":"Si vols aprendre angl\u00e8s sense sortir de la llar, t'ho posem f\u00e0cil. Els nostres professors es despla\u00e7aran perqu\u00e8 aprenguis angl\u00e8s des de casa.","og_url":"https:\/\/www.learning-s-cool.com\/ca\/learning-at-home\/","og_site_name":"Learning S-cool","article_modified_time":"2024-04-16T14:02:19+00:00","og_image":[{"width":640,"height":427,"url":"https:\/\/www.learning-s-cool.com\/wp-content\/uploads\/2024\/04\/aprender_ingles_casa_learning_at_home.jpg","type":"image\/jpeg"}],"twitter_card":"summary_large_image","twitter_misc":{"Temps estimat de lectura":"2 minuts"},"schema":{"@context":"https:\/\/schema.org","@graph":[{"@type":"WebPage","@id":"https:\/\/www.learning-s-cool.com\/ca\/learning-at-home\/","url":"https:\/\/www.learning-s-cool.com\/ca\/learning-at-home\/","name":"Aprendere Angl\u00e8s des de Casa - Learning S-cool","isPartOf":{"@id":"https:\/\/www.learning-s-cool.com\/#website"},"primaryImageOfPage":{"@id":"https:\/\/www.learning-s-cool.com\/ca\/learning-at-home\/#primaryimage"},"image":{"@id":"https:\/\/www.learning-s-cool.com\/ca\/learning-at-home\/#primaryimage"},"thumbnailUrl":"https:\/\/www.learning-s-cool.com\/wp-content\/uploads\/2024\/04\/aprender_ingles_casa_learning_at_home.jpg","datePublished":"2024-03-30T11:42:05+00:00","dateModified":"2024-04-16T14:02:19+00:00","description":"Si vols aprendre angl\u00e8s sense sortir de la llar, t'ho posem f\u00e0cil. Els nostres professors es despla\u00e7aran perqu\u00e8 aprenguis angl\u00e8s des de casa.","breadcrumb":{"@id":"https:\/\/www.learning-s-cool.com\/ca\/learning-at-home\/#breadcrumb"},"inLanguage":"ca","potentialAction":[{"@type":"ReadAction","target":["https:\/\/www.learning-s-cool.com\/ca\/learning-at-home\/"]}]},{"@type":"ImageObject","inLanguage":"ca","@id":"https:\/\/www.learning-s-cool.com\/ca\/learning-at-home\/#primaryimage","url":"https:\/\/www.learning-s-cool.com\/wp-content\/uploads\/2024\/04\/aprender_ingles_casa_learning_at_home.jpg","contentUrl":"https:\/\/www.learning-s-cool.com\/wp-content\/uploads\/2024\/04\/aprender_ingles_casa_learning_at_home.jpg","width":640,"height":427},{"@type":"BreadcrumbList","@id":"https:\/\/www.learning-s-cool.com\/ca\/learning-at-home\/#breadcrumb","itemListElement":[{"@type":"ListItem","position":1,"name":"Portada","item":"https:\/\/www.learning-s-cool.com\/ca\/"},{"@type":"ListItem","position":2,"name":"Learning at home"}]},{"@type":"WebSite","@id":"https:\/\/www.learning-s-cool.com\/#website","url":"https:\/\/www.learning-s-cool.com\/","name":"Learning S-cool","description":"","publisher":{"@id":"https:\/\/www.learning-s-cool.com\/#organization"},"potentialAction":[{"@type":"SearchAction","target":{"@type":"EntryPoint","urlTemplate":"https:\/\/www.learning-s-cool.com\/?s={search_term_string}"},"query-input":{"@type":"PropertyValueSpecification","valueRequired":true,"valueName":"search_term_string"}}],"inLanguage":"ca"},{"@type":"Organization","@id":"https:\/\/www.learning-s-cool.com\/#organization","name":"Learning S-cool","url":"https:\/\/www.learning-s-cool.com\/","logo":{"@type":"ImageObject","inLanguage":"ca","@id":"https:\/\/www.learning-s-cool.com\/#\/schema\/logo\/image\/","url":"https:\/\/www.learning-s-cool.com\/wp-content\/uploads\/2024\/03\/logo.png","contentUrl":"https:\/\/www.learning-s-cool.com\/wp-content\/uploads\/2024\/03\/logo.png","width":387,"height":292,"caption":"Learning S-cool"},"image":{"@id":"https:\/\/www.learning-s-cool.com\/#\/schema\/logo\/image\/"}}]}},"_links":{"self":[{"href":"https:\/\/www.learning-s-cool.com\/ca\/wp-json\/wp\/v2\/pages\/248","targetHints":{"allow":["GET"]}}],"collection":[{"href":"https:\/\/www.learning-s-cool.com\/ca\/wp-json\/wp\/v2\/pages"}],"about":[{"href":"https:\/\/www.learning-s-cool.com\/ca\/wp-json\/wp\/v2\/types\/page"}],"author":[{"embeddable":true,"href":"https:\/\/www.learning-s-cool.com\/ca\/wp-json\/wp\/v2\/users\/1"}],"replies":[{"embeddable":true,"href":"https:\/\/www.learning-s-cool.com\/ca\/wp-json\/wp\/v2\/comments?post=248"}],"version-history":[{"count":2,"href":"https:\/\/www.learning-s-cool.com\/ca\/wp-json\/wp\/v2\/pages\/248\/revisions"}],"predecessor-version":[{"id":363,"href":"https:\/\/www.learning-s-cool.com\/ca\/wp-json\/wp\/v2\/pages\/248\/revisions\/363"}],"wp:featuredmedia":[{"embeddable":true,"href":"https:\/\/www.learning-s-cool.com\/ca\/wp-json\/wp\/v2\/media\/340"}],"wp:attachment":[{"href":"https:\/\/www.learning-s-cool.com\/ca\/wp-json\/wp\/v2\/media?parent=248"}],"curies":[{"name":"wp","href":"https:\/\/api.w.org\/{rel}","templated":true}]}}