{"id":250,"date":"2024-03-30T12:42:42","date_gmt":"2024-03-30T11:42:42","guid":{"rendered":"https:\/\/www.learning-s-cool.com\/altres-activitats\/"},"modified":"2024-04-25T12:56:54","modified_gmt":"2024-04-25T10:56:54","slug":"altres-activitats","status":"publish","type":"page","link":"https:\/\/www.learning-s-cool.com\/ca\/altres-activitats\/","title":{"rendered":"Altres activitats"},"content":{"rendered":"\r\n\t\t<div  class=\"block-ed3b8c41-5296-4ce7-99b7-8c7014065ddb areoi-element my-5\">\r\n\t\t\t\r\n\t\t\t\n\n<h1 class=\"wp-block-heading title ms-5 mb-4\" data-aos=\"zoom-in\" data-aos-duration=\"1500\">Altres activitats<\/h1>\n\n\n\r\n\t\t<div data-aos-duration=\"1500\" data-aos=\"fade-left\"  class=\"block-a29a6916-b764-4622-9933-7f291999ef5f areoi-element ms-3 mb-5\">\r\n\t\t\t\r\n\t\t\t\n\r\n\t\t<div  class=\"block-eea7de9d-f98d-4d57-94bb-52c4d0bcde27 row areoi-element row-lg align-items-center\">\r\n\t\t\t\r\n\r\n\t\t\t\n\r\n\t\t<div  class=\"block-17a1af1e-72bd-4cb5-813f-19e327392cd0 col areoi-element col-4\">\r\n\t\t\t\r\n\t\t\t\n\n<figure class=\"wp-block-image size-full mb-0 full-img\"><img loading=\"lazy\" decoding=\"async\" width=\"491\" height=\"399\" src=\"https:\/\/www.learning-s-cool.com\/wp-content\/uploads\/2024\/03\/actividades-online.png\" alt=\"\" class=\"wp-image-134\" srcset=\"https:\/\/www.learning-s-cool.com\/wp-content\/uploads\/2024\/03\/actividades-online.png 491w, https:\/\/www.learning-s-cool.com\/wp-content\/uploads\/2024\/03\/actividades-online-300x244.png 300w\" sizes=\"auto, (max-width: 491px) 100vw, 491px\" \/><\/figure>\n\n \r\n\t\t\t\r\n\t\t<\/div>\r\n\t\n\n\r\n\t\t<div  class=\"block-790b2af3-68fc-4132-8d30-932ad3f95f10 col areoi-element py-5 col-8\">\r\n\t\t\t\r\n\t\t\t\n\r\n\t\t<div  class=\"block-63e1cb1b-dab5-46b0-bf79-be758bca931b areoi-element box-white py-4 pe-4\">\r\n\t\t\t\r\n\t\t\t\n\n<h2 class=\"wp-block-heading text-blue dongle fs-34 mb-1\"><strong>Angl\u00e8s per a Nens, Joves i Adults<\/strong><\/h2>\n\n\n\n<h2 class=\"wp-block-heading title\">100% ONLINE<\/h2>\n\n\n\n<p>Si vols aprendre angl\u00e8s sense necessitat de moure\u2019t de casa, Learning S Cool t\u2019ho posa f\u00e0cil amb les nostres classes online; individuals o en grup redu\u00eft. En funci\u00f3 de les necessitats, objectius i interessos, Learning S Cool dissenyar\u00e0 un programa espec\u00edfic perqu\u00e8 aconsegueixis els teus objectius ling\u00fc\u00edstics. Les classes poden ser de rep\u00e0s, gram\u00e0tica, conversa, preparaci\u00f3 a ex\u00e0mens&#8230;<\/p>\n\n\r\n\t\t\t \r\n\t\t<\/div>\r\n\t\n \r\n\t\t\t\r\n\t\t<\/div>\r\n\t\n \r\n\t\t<\/div>\r\n\t\n\r\n\t\t\t \r\n\t\t<\/div>\r\n\t\n\n\r\n\t\t<div data-aos-duration=\"1500\" data-aos=\"fade-right\"  class=\"block-231fc5e7-a306-4a3e-a368-41f63b60b992 areoi-element ms-3\">\r\n\t\t\t\r\n\t\t\t\n\r\n\t\t<div  class=\"block-f036e6a5-6e92-4fa0-a955-174604f365c2 row areoi-element row-lg align-items-center\">\r\n\t\t\t\r\n\r\n\t\t\t\n\r\n\t\t<div  class=\"block-17a1af1e-72bd-4cb5-813f-19e327392cd0 col areoi-element col-4\">\r\n\t\t\t\r\n\t\t\t\n<div class=\"wp-block-image mb-0 full-img\">\n<figure class=\"aligncenter size-full is-resized\"><img loading=\"lazy\" decoding=\"async\" width=\"459\" height=\"635\" src=\"https:\/\/www.learning-s-cool.com\/wp-content\/uploads\/2024\/04\/casal_estiu_angles_barcelona.jpg\" alt=\"\" class=\"wp-image-381\" style=\"width:240px;height:auto\" srcset=\"https:\/\/www.learning-s-cool.com\/wp-content\/uploads\/2024\/04\/casal_estiu_angles_barcelona.jpg 459w, https:\/\/www.learning-s-cool.com\/wp-content\/uploads\/2024\/04\/casal_estiu_angles_barcelona-217x300.jpg 217w\" sizes=\"auto, (max-width: 459px) 100vw, 459px\" \/><\/figure>\n<\/div>\n \r\n\t\t\t\r\n\t\t<\/div>\r\n\t\n\n\r\n\t\t<div  class=\"block-790b2af3-68fc-4132-8d30-932ad3f95f10 col areoi-element py-5 col-8\">\r\n\t\t\t\r\n\t\t\t\n\r\n\t\t<div  class=\"block-63e1cb1b-dab5-46b0-bf79-be758bca931b areoi-element box-white py-4 pe-4\">\r\n\t\t\t\r\n\t\t\t\n\n<h2 class=\"wp-block-heading text-blue dongle fs-34 mb-1\">Casal d&#8217;estiu en angl\u00e8s<\/h2>\n\n\n\n<p>Us agradaria fer un casal d\u2019estiu alhora que apreneu angl\u00e8s? A Learning S Cool som conscients que l\u2019estiu \u00e9s un temps d\u2019esbarjo i \u00e9s per aix\u00f2 que hem dissenyat les nostres activitats per fer que aquest temps de lleure esdevingui un temps d\u2019aprenentatge significatiu.<\/p>\n\n\n\n<p>Als nostres casals d\u2019estiu tots els dies seran diferents. En el conjunt de la setmana els participants faran tallers d\u2019expressi\u00f3 art\u00edstica (pintura, escultura, manualitats, m\u00fasica), d\u2019experiments, d\u2019expressi\u00f3 corporal (teatre, dansa&#8230;), esports exteriors, jocs d\u2019aigua, jocs de taula&#8230;<\/p>\n\n\r\n\t\t\t \r\n\t\t<\/div>\r\n\t\n \r\n\t\t\t\r\n\t\t<\/div>\r\n\t\n \r\n\t\t<\/div>\r\n\t\n\r\n\t\t\t \r\n\t\t<\/div>\r\n\t\n\r\n\t\t\t \r\n\t\t<\/div>\r\n\t","protected":false},"excerpt":{"rendered":"","protected":false},"author":1,"featured_media":0,"parent":0,"menu_order":0,"comment_status":"closed","ping_status":"closed","template":"","meta":{"_acf_changed":false,"footnotes":""},"class_list":["post-250","page","type-page","status-publish","hentry"],"acf":[],"yoast_head":"<!-- This site is optimized with the Yoast SEO plugin v26.4 - https:\/\/yoast.com\/wordpress\/plugins\/seo\/ -->\n<title>Altres activitats - Learning S-cool<\/title>\n<meta name=\"robots\" content=\"index, follow, max-snippet:-1, max-image-preview:large, max-video-preview:-1\" \/>\n<link rel=\"canonical\" href=\"https:\/\/www.learning-s-cool.com\/ca\/altres-activitats\/\" \/>\n<meta property=\"og:locale\" content=\"ca_ES\" \/>\n<meta property=\"og:type\" content=\"article\" \/>\n<meta property=\"og:title\" content=\"Altres activitats - Learning S-cool\" \/>\n<meta property=\"og:url\" content=\"https:\/\/www.learning-s-cool.com\/ca\/altres-activitats\/\" \/>\n<meta property=\"og:site_name\" content=\"Learning S-cool\" \/>\n<meta property=\"article:modified_time\" content=\"2024-04-25T10:56:54+00:00\" \/>\n<meta property=\"og:image\" content=\"https:\/\/www.learning-s-cool.com\/wp-content\/uploads\/2024\/03\/actividades-online.png\" \/>\n<meta name=\"twitter:card\" content=\"summary_large_image\" \/>\n<meta name=\"twitter:label1\" content=\"Temps estimat de lectura\" \/>\n\t<meta name=\"twitter:data1\" content=\"2 minuts\" \/>\n<script type=\"application\/ld+json\" class=\"yoast-schema-graph\">{\"@context\":\"https:\/\/schema.org\",\"@graph\":[{\"@type\":\"WebPage\",\"@id\":\"https:\/\/www.learning-s-cool.com\/ca\/altres-activitats\/\",\"url\":\"https:\/\/www.learning-s-cool.com\/ca\/altres-activitats\/\",\"name\":\"Altres activitats - Learning S-cool\",\"isPartOf\":{\"@id\":\"https:\/\/www.learning-s-cool.com\/#website\"},\"primaryImageOfPage\":{\"@id\":\"https:\/\/www.learning-s-cool.com\/ca\/altres-activitats\/#primaryimage\"},\"image\":{\"@id\":\"https:\/\/www.learning-s-cool.com\/ca\/altres-activitats\/#primaryimage\"},\"thumbnailUrl\":\"https:\/\/www.learning-s-cool.com\/wp-content\/uploads\/2024\/03\/actividades-online.png\",\"datePublished\":\"2024-03-30T11:42:42+00:00\",\"dateModified\":\"2024-04-25T10:56:54+00:00\",\"breadcrumb\":{\"@id\":\"https:\/\/www.learning-s-cool.com\/ca\/altres-activitats\/#breadcrumb\"},\"inLanguage\":\"ca\",\"potentialAction\":[{\"@type\":\"ReadAction\",\"target\":[\"https:\/\/www.learning-s-cool.com\/ca\/altres-activitats\/\"]}]},{\"@type\":\"ImageObject\",\"inLanguage\":\"ca\",\"@id\":\"https:\/\/www.learning-s-cool.com\/ca\/altres-activitats\/#primaryimage\",\"url\":\"https:\/\/www.learning-s-cool.com\/wp-content\/uploads\/2024\/03\/actividades-online.png\",\"contentUrl\":\"https:\/\/www.learning-s-cool.com\/wp-content\/uploads\/2024\/03\/actividades-online.png\"},{\"@type\":\"BreadcrumbList\",\"@id\":\"https:\/\/www.learning-s-cool.com\/ca\/altres-activitats\/#breadcrumb\",\"itemListElement\":[{\"@type\":\"ListItem\",\"position\":1,\"name\":\"Portada\",\"item\":\"https:\/\/www.learning-s-cool.com\/ca\/\"},{\"@type\":\"ListItem\",\"position\":2,\"name\":\"Altres activitats\"}]},{\"@type\":\"WebSite\",\"@id\":\"https:\/\/www.learning-s-cool.com\/#website\",\"url\":\"https:\/\/www.learning-s-cool.com\/\",\"name\":\"Learning S-cool\",\"description\":\"\",\"publisher\":{\"@id\":\"https:\/\/www.learning-s-cool.com\/#organization\"},\"potentialAction\":[{\"@type\":\"SearchAction\",\"target\":{\"@type\":\"EntryPoint\",\"urlTemplate\":\"https:\/\/www.learning-s-cool.com\/?s={search_term_string}\"},\"query-input\":{\"@type\":\"PropertyValueSpecification\",\"valueRequired\":true,\"valueName\":\"search_term_string\"}}],\"inLanguage\":\"ca\"},{\"@type\":\"Organization\",\"@id\":\"https:\/\/www.learning-s-cool.com\/#organization\",\"name\":\"Learning S-cool\",\"url\":\"https:\/\/www.learning-s-cool.com\/\",\"logo\":{\"@type\":\"ImageObject\",\"inLanguage\":\"ca\",\"@id\":\"https:\/\/www.learning-s-cool.com\/#\/schema\/logo\/image\/\",\"url\":\"https:\/\/www.learning-s-cool.com\/wp-content\/uploads\/2024\/03\/logo.png\",\"contentUrl\":\"https:\/\/www.learning-s-cool.com\/wp-content\/uploads\/2024\/03\/logo.png\",\"width\":387,\"height\":292,\"caption\":\"Learning S-cool\"},\"image\":{\"@id\":\"https:\/\/www.learning-s-cool.com\/#\/schema\/logo\/image\/\"}}]}<\/script>\n<!-- \/ Yoast SEO plugin. -->","yoast_head_json":{"title":"Altres activitats - Learning S-cool","robots":{"index":"index","follow":"follow","max-snippet":"max-snippet:-1","max-image-preview":"max-image-preview:large","max-video-preview":"max-video-preview:-1"},"canonical":"https:\/\/www.learning-s-cool.com\/ca\/altres-activitats\/","og_locale":"ca_ES","og_type":"article","og_title":"Altres activitats - Learning S-cool","og_url":"https:\/\/www.learning-s-cool.com\/ca\/altres-activitats\/","og_site_name":"Learning S-cool","article_modified_time":"2024-04-25T10:56:54+00:00","og_image":[{"url":"https:\/\/www.learning-s-cool.com\/wp-content\/uploads\/2024\/03\/actividades-online.png","type":"","width":"","height":""}],"twitter_card":"summary_large_image","twitter_misc":{"Temps estimat de lectura":"2 minuts"},"schema":{"@context":"https:\/\/schema.org","@graph":[{"@type":"WebPage","@id":"https:\/\/www.learning-s-cool.com\/ca\/altres-activitats\/","url":"https:\/\/www.learning-s-cool.com\/ca\/altres-activitats\/","name":"Altres activitats - Learning S-cool","isPartOf":{"@id":"https:\/\/www.learning-s-cool.com\/#website"},"primaryImageOfPage":{"@id":"https:\/\/www.learning-s-cool.com\/ca\/altres-activitats\/#primaryimage"},"image":{"@id":"https:\/\/www.learning-s-cool.com\/ca\/altres-activitats\/#primaryimage"},"thumbnailUrl":"https:\/\/www.learning-s-cool.com\/wp-content\/uploads\/2024\/03\/actividades-online.png","datePublished":"2024-03-30T11:42:42+00:00","dateModified":"2024-04-25T10:56:54+00:00","breadcrumb":{"@id":"https:\/\/www.learning-s-cool.com\/ca\/altres-activitats\/#breadcrumb"},"inLanguage":"ca","potentialAction":[{"@type":"ReadAction","target":["https:\/\/www.learning-s-cool.com\/ca\/altres-activitats\/"]}]},{"@type":"ImageObject","inLanguage":"ca","@id":"https:\/\/www.learning-s-cool.com\/ca\/altres-activitats\/#primaryimage","url":"https:\/\/www.learning-s-cool.com\/wp-content\/uploads\/2024\/03\/actividades-online.png","contentUrl":"https:\/\/www.learning-s-cool.com\/wp-content\/uploads\/2024\/03\/actividades-online.png"},{"@type":"BreadcrumbList","@id":"https:\/\/www.learning-s-cool.com\/ca\/altres-activitats\/#breadcrumb","itemListElement":[{"@type":"ListItem","position":1,"name":"Portada","item":"https:\/\/www.learning-s-cool.com\/ca\/"},{"@type":"ListItem","position":2,"name":"Altres activitats"}]},{"@type":"WebSite","@id":"https:\/\/www.learning-s-cool.com\/#website","url":"https:\/\/www.learning-s-cool.com\/","name":"Learning S-cool","description":"","publisher":{"@id":"https:\/\/www.learning-s-cool.com\/#organization"},"potentialAction":[{"@type":"SearchAction","target":{"@type":"EntryPoint","urlTemplate":"https:\/\/www.learning-s-cool.com\/?s={search_term_string}"},"query-input":{"@type":"PropertyValueSpecification","valueRequired":true,"valueName":"search_term_string"}}],"inLanguage":"ca"},{"@type":"Organization","@id":"https:\/\/www.learning-s-cool.com\/#organization","name":"Learning S-cool","url":"https:\/\/www.learning-s-cool.com\/","logo":{"@type":"ImageObject","inLanguage":"ca","@id":"https:\/\/www.learning-s-cool.com\/#\/schema\/logo\/image\/","url":"https:\/\/www.learning-s-cool.com\/wp-content\/uploads\/2024\/03\/logo.png","contentUrl":"https:\/\/www.learning-s-cool.com\/wp-content\/uploads\/2024\/03\/logo.png","width":387,"height":292,"caption":"Learning S-cool"},"image":{"@id":"https:\/\/www.learning-s-cool.com\/#\/schema\/logo\/image\/"}}]}},"_links":{"self":[{"href":"https:\/\/www.learning-s-cool.com\/ca\/wp-json\/wp\/v2\/pages\/250","targetHints":{"allow":["GET"]}}],"collection":[{"href":"https:\/\/www.learning-s-cool.com\/ca\/wp-json\/wp\/v2\/pages"}],"about":[{"href":"https:\/\/www.learning-s-cool.com\/ca\/wp-json\/wp\/v2\/types\/page"}],"author":[{"embeddable":true,"href":"https:\/\/www.learning-s-cool.com\/ca\/wp-json\/wp\/v2\/users\/1"}],"replies":[{"embeddable":true,"href":"https:\/\/www.learning-s-cool.com\/ca\/wp-json\/wp\/v2\/comments?post=250"}],"version-history":[{"count":3,"href":"https:\/\/www.learning-s-cool.com\/ca\/wp-json\/wp\/v2\/pages\/250\/revisions"}],"predecessor-version":[{"id":389,"href":"https:\/\/www.learning-s-cool.com\/ca\/wp-json\/wp\/v2\/pages\/250\/revisions\/389"}],"wp:attachment":[{"href":"https:\/\/www.learning-s-cool.com\/ca\/wp-json\/wp\/v2\/media?parent=250"}],"curies":[{"name":"wp","href":"https:\/\/api.w.org\/{rel}","templated":true}]}}