{"id":252,"date":"2024-03-08T15:31:10","date_gmt":"2024-03-08T14:31:10","guid":{"rendered":"https:\/\/www.learning-s-cool.com\/contacte\/"},"modified":"2024-04-04T12:25:19","modified_gmt":"2024-04-04T10:25:19","slug":"contacte","status":"publish","type":"page","link":"https:\/\/www.learning-s-cool.com\/ca\/contacte\/","title":{"rendered":"Contacte"},"content":{"rendered":"\r\n\t\t<div  class=\"block-2d43a3ae-0753-4be0-9793-a34bd0129d4a areoi-element mb-5\">\r\n\t\t\t\r\n\t\t\t\n\r\n\t\t<div  class=\"block-ef2c0f75-e641-40f1-b256-dd57158caf7f areoi-element mb-5\">\r\n\t\t\t\r\n\t\t\t\n\r\n\t\t<div  class=\"block-c0039574-b85e-4758-a6a1-c77ebfaedefd row areoi-element gx-0 row-info\">\r\n\t\t\t\r\n\r\n\t\t\t\n\r\n\t\t<div  class=\"block-83aaea6e-f746-4692-b185-1da7b772c30d col areoi-element col-4\">\r\n\t\t\t\r\n\t\t\t\n\r\n\t\t<div  class=\"block-37ccb774-f623-48db-a84b-484812c1a1d2 areoi-element h-100\">\r\n\t\t\t\r\n\t\t\t\n\r\n\t\t<div  class=\"block-3042dc29-9eea-4302-b26c-a8255e03e2fc areoi-element cont-info px-5 center\">\r\n\t\t\t\r\n\t\t\t\n\n<ul class=\"list-info wp-block-list\">\n<li class=\"phone\">+34 93 237 22 13<\/li>\n\n\n\n<li class=\"email\">info@learning-s-cool.com<\/li>\n\n\n\n<li class=\"address\">Rambla de Moss\u00e8n Jacint Verdaguer, 8 08197 Valldoreix<\/li>\n<\/ul>\n\n\r\n\t\t\t \r\n\t\t<\/div>\r\n\t\n\n\n<figure class=\"wp-block-image size-full mb-0 full-img img-contact\"><img loading=\"lazy\" decoding=\"async\" width=\"470\" height=\"281\" src=\"https:\/\/www.learning-s-cool.com\/wp-content\/uploads\/2024\/03\/contacto.jpg\" alt=\"\" class=\"wp-image-160\" srcset=\"https:\/\/www.learning-s-cool.com\/wp-content\/uploads\/2024\/03\/contacto.jpg 470w, https:\/\/www.learning-s-cool.com\/wp-content\/uploads\/2024\/03\/contacto-300x179.jpg 300w\" sizes=\"auto, (max-width: 470px) 100vw, 470px\" \/><\/figure>\n\n\r\n\t\t\t \r\n\t\t<\/div>\r\n\t\n \r\n\t\t\t\r\n\t\t<\/div>\r\n\t\n\n\r\n\t\t<div  class=\"block-8b030fc4-4587-4649-bc80-0df811c89f55 col areoi-element col-8\">\r\n\t\t\t\r\n\t\t\t\n\r\n\t\t<div  class=\"block-878ae0d3-7194-4144-8139-30a07931b4a8 areoi-element map\">\r\n\t\t\t\r\n\t\t\t\n\n<iframe src=\"https:\/\/www.google.com\/maps\/embed?pb=!1m18!1m12!1m3!1d747.5336672811602!2d2.0664079696598683!3d41.45799439820568!2m3!1f0!2f0!3f0!3m2!1i1024!2i768!4f13.1!3m3!1m2!1s0x12a4972b571444b9%3A0xd2664d5a105fb01d!2sRambla%20Moss%C3%A8n%20Jacint%20Verdaguer%2C%208%2C%2008197%20Valldoreix%2C%20Barcelona%2C%20Espa%C3%B1a!5e0!3m2!1ses!2sbo!4v1711891353183!5m2!1ses!2sbo\" width=\"800\" height=\"300\" style=\"border:0;\" allowfullscreen=\"\" loading=\"lazy\" referrerpolicy=\"no-referrer-when-downgrade\"><\/iframe>\n\n\r\n\t\t\t \r\n\t\t<\/div>\r\n\t\n \r\n\t\t\t\r\n\t\t<\/div>\r\n\t\n \r\n\t\t<\/div>\r\n\t\n\r\n\t\t\t \r\n\t\t<\/div>\r\n\t\n\n\r\n\t\t<div  class=\"block-a55a701d-7229-48c7-a709-3595ee46b897 areoi-element px-4 px-lg-5\">\r\n\t\t\t\r\n\t\t\t\n\n<h2 class=\"wp-block-heading title mb-3\">Contacta amb nosaltres<\/h2>\n\n\n\r\n\t\t<div  class=\"block-7740bbaf-b8aa-4bc0-86a8-18606653d500 areoi-element\">\r\n\t\t\t\r\n\t\t\t\n\n<div class=\"wp-block-contact-form-7-contact-form-selector\">\n<div class=\"wpcf7 no-js\" id=\"wpcf7-f256-o1\" lang=\"ca\" dir=\"ltr\" data-wpcf7-id=\"256\">\n<div class=\"screen-reader-response\"><p role=\"status\" aria-live=\"polite\" aria-atomic=\"true\"><\/p> <ul><\/ul><\/div>\n<form action=\"\/ca\/wp-json\/wp\/v2\/pages\/252#wpcf7-f256-o1\" method=\"post\" class=\"wpcf7-form init\" aria-label=\"Formulari de contacte\" novalidate=\"novalidate\" data-status=\"init\">\n<fieldset class=\"hidden-fields-container\"><input type=\"hidden\" name=\"_wpcf7\" value=\"256\" \/><input type=\"hidden\" name=\"_wpcf7_version\" value=\"6.1.3\" \/><input type=\"hidden\" name=\"_wpcf7_locale\" value=\"ca\" \/><input type=\"hidden\" name=\"_wpcf7_unit_tag\" value=\"wpcf7-f256-o1\" \/><input type=\"hidden\" name=\"_wpcf7_container_post\" value=\"0\" \/><input type=\"hidden\" name=\"_wpcf7_posted_data_hash\" value=\"\" \/><input type=\"hidden\" name=\"_wpcf7_recaptcha_response\" value=\"\" \/>\n<\/fieldset>\n<div class=\"row\">\n\t<div class=\"col-md-3 col-xl-2\">\n\t\t<p>Nom i cognoms\n\t\t<\/p>\n\t<\/div>\n\t<div class=\"col-md-9 col-xl-10\">\n\t\t<p><span class=\"wpcf7-form-control-wrap\" data-name=\"your-name\"><input size=\"40\" maxlength=\"400\" class=\"wpcf7-form-control wpcf7-text wpcf7-validates-as-required\" autocomplete=\"name\" aria-required=\"true\" aria-invalid=\"false\" value=\"\" type=\"text\" name=\"your-name\" \/><\/span>\n\t\t<\/p>\n\t<\/div>\n\t<div class=\"col-md-3 col-xl-2\">\n\t\t<p>E-mail\n\t\t<\/p>\n\t<\/div>\n\t<div class=\"col-md-9 col-xl-10\">\n\t\t<p><span class=\"wpcf7-form-control-wrap\" data-name=\"your-email\"><input size=\"40\" maxlength=\"400\" class=\"wpcf7-form-control wpcf7-email wpcf7-validates-as-required wpcf7-text wpcf7-validates-as-email\" autocomplete=\"email\" aria-required=\"true\" aria-invalid=\"false\" value=\"\" type=\"email\" name=\"your-email\" \/><\/span>\n\t\t<\/p>\n\t<\/div>\n\t<div class=\"col-md-3 col-xl-2\">\n\t\t<p>Tel\u00e8fon\n\t\t<\/p>\n\t<\/div>\n\t<div class=\"col-md-9 col-xl-10\">\n\t\t<p><span class=\"wpcf7-form-control-wrap\" data-name=\"your-phone\"><input size=\"40\" maxlength=\"400\" class=\"wpcf7-form-control wpcf7-text wpcf7-validates-as-required\" aria-required=\"true\" aria-invalid=\"false\" value=\"\" type=\"text\" name=\"your-phone\" \/><\/span>\n\t\t<\/p>\n\t<\/div>\n\t<div class=\"col-md-3 col-xl-2\">\n\t\t<p>Missatge\n\t\t<\/p>\n\t<\/div>\n\t<div class=\"col-md-9 col-xl-10\">\n\t\t<p><span class=\"wpcf7-form-control-wrap\" data-name=\"your-message\"><textarea cols=\"40\" rows=\"10\" maxlength=\"2000\" class=\"wpcf7-form-control wpcf7-textarea\" aria-invalid=\"false\" name=\"your-message\"><\/textarea><\/span>\n\t\t<\/p>\n\t<\/div>\n\t<div class=\"text-privacy col-12\">\n\t\t<p>El responsable del tractament de les seves dades \u00e9s Learning S-Cool SL, amb domicili en Rambla de Moss\u00e8n Jacint Verdaguer, 8 - 08197 Valldoreix, amb NIF B66635160. T'informem que tractarem la informaci\u00f3 que ens facilites amb la finalitat d'atendre la teva sol\u00b7licitud d'informaci\u00f3 i enviar-te comunicacions comercials sobre els nostres serveis que puguin ser del teu inter\u00e8s. Si no desitja rebre informaci\u00f3 comercial, si us plau informi'ns enviant un correu electr\u00f2nic a info@learning-s-cool.com. Les dades personals proporcionades es conservaran mentre no sol\u00b7licitis la seva supressi\u00f3. L'informem que t\u00e9 dret a accedir a les seves dades personals, aix\u00ed com a sol\u00b7licitar la rectificaci\u00f3 de les dades inexactes o, si \u00e9s el cas, sol\u00b7licitar la seva supressi\u00f3 en qualsevol moment. La base legal per al tractament de les teves dades \u00e9s el consentiment que atorgues en fer clic en la casella d'acceptaci\u00f3 al final d'aquest formulari. Accepto la pol\u00edtica de privacitat\n\t\t<\/p>\n\t<\/div>\n\t<div class=\"col\">\n\t\t<p><span class=\"wpcf7-form-control-wrap\" data-name=\"acceptance-209\"><span class=\"wpcf7-form-control wpcf7-acceptance optional\"><span class=\"wpcf7-list-item\"><label><input type=\"checkbox\" name=\"acceptance-209\" value=\"1\" aria-invalid=\"false\" \/><span class=\"wpcf7-list-item-label\">Accepto la pol\u00edtica de privacitat<\/span><\/label><\/span><\/span><\/span>\n\t\t<\/p>\n\t<\/div>\n\t<div class=\"col-auto cont-submit\">\n\t\t<p><input class=\"wpcf7-form-control wpcf7-submit has-spinner btn btn-blue\" type=\"submit\" value=\"Enviar\" \/>\n\t\t<\/p>\n\t<\/div>\n<\/div><div class=\"wpcf7-response-output\" aria-hidden=\"true\"><\/div>\n<\/form>\n<\/div>\n<\/div>\n\n\r\n\t\t\t \r\n\t\t<\/div>\r\n\t\n\r\n\t\t\t \r\n\t\t<\/div>\r\n\t\n\r\n\t\t\t \r\n\t\t<\/div>\r\n\t","protected":false},"excerpt":{"rendered":"","protected":false},"author":1,"featured_media":0,"parent":0,"menu_order":0,"comment_status":"closed","ping_status":"closed","template":"","meta":{"_acf_changed":false,"footnotes":""},"class_list":["post-252","page","type-page","status-publish","hentry"],"acf":[],"yoast_head":"<!-- This site is optimized with the Yoast SEO plugin v26.4 - https:\/\/yoast.com\/wordpress\/plugins\/seo\/ -->\n<title>Contacte - Learning S-cool<\/title>\n<meta name=\"robots\" content=\"index, follow, max-snippet:-1, max-image-preview:large, max-video-preview:-1\" \/>\n<link rel=\"canonical\" href=\"https:\/\/www.learning-s-cool.com\/ca\/contacte\/\" \/>\n<meta property=\"og:locale\" content=\"ca_ES\" \/>\n<meta property=\"og:type\" content=\"article\" \/>\n<meta property=\"og:title\" content=\"Contacte - Learning S-cool\" \/>\n<meta property=\"og:url\" content=\"https:\/\/www.learning-s-cool.com\/ca\/contacte\/\" \/>\n<meta property=\"og:site_name\" content=\"Learning S-cool\" \/>\n<meta property=\"article:modified_time\" content=\"2024-04-04T10:25:19+00:00\" \/>\n<meta property=\"og:image\" content=\"https:\/\/www.learning-s-cool.com\/wp-content\/uploads\/2024\/03\/contacto.jpg\" \/>\n<meta name=\"twitter:card\" content=\"summary_large_image\" \/>\n<script type=\"application\/ld+json\" class=\"yoast-schema-graph\">{\"@context\":\"https:\/\/schema.org\",\"@graph\":[{\"@type\":\"WebPage\",\"@id\":\"https:\/\/www.learning-s-cool.com\/ca\/contacte\/\",\"url\":\"https:\/\/www.learning-s-cool.com\/ca\/contacte\/\",\"name\":\"Contacte - Learning S-cool\",\"isPartOf\":{\"@id\":\"https:\/\/www.learning-s-cool.com\/#website\"},\"primaryImageOfPage\":{\"@id\":\"https:\/\/www.learning-s-cool.com\/ca\/contacte\/#primaryimage\"},\"image\":{\"@id\":\"https:\/\/www.learning-s-cool.com\/ca\/contacte\/#primaryimage\"},\"thumbnailUrl\":\"https:\/\/www.learning-s-cool.com\/wp-content\/uploads\/2024\/03\/contacto.jpg\",\"datePublished\":\"2024-03-08T14:31:10+00:00\",\"dateModified\":\"2024-04-04T10:25:19+00:00\",\"breadcrumb\":{\"@id\":\"https:\/\/www.learning-s-cool.com\/ca\/contacte\/#breadcrumb\"},\"inLanguage\":\"ca\",\"potentialAction\":[{\"@type\":\"ReadAction\",\"target\":[\"https:\/\/www.learning-s-cool.com\/ca\/contacte\/\"]}]},{\"@type\":\"ImageObject\",\"inLanguage\":\"ca\",\"@id\":\"https:\/\/www.learning-s-cool.com\/ca\/contacte\/#primaryimage\",\"url\":\"https:\/\/www.learning-s-cool.com\/wp-content\/uploads\/2024\/03\/contacto.jpg\",\"contentUrl\":\"https:\/\/www.learning-s-cool.com\/wp-content\/uploads\/2024\/03\/contacto.jpg\"},{\"@type\":\"BreadcrumbList\",\"@id\":\"https:\/\/www.learning-s-cool.com\/ca\/contacte\/#breadcrumb\",\"itemListElement\":[{\"@type\":\"ListItem\",\"position\":1,\"name\":\"Portada\",\"item\":\"https:\/\/www.learning-s-cool.com\/ca\/\"},{\"@type\":\"ListItem\",\"position\":2,\"name\":\"Contacte\"}]},{\"@type\":\"WebSite\",\"@id\":\"https:\/\/www.learning-s-cool.com\/#website\",\"url\":\"https:\/\/www.learning-s-cool.com\/\",\"name\":\"Learning S-cool\",\"description\":\"\",\"publisher\":{\"@id\":\"https:\/\/www.learning-s-cool.com\/#organization\"},\"potentialAction\":[{\"@type\":\"SearchAction\",\"target\":{\"@type\":\"EntryPoint\",\"urlTemplate\":\"https:\/\/www.learning-s-cool.com\/?s={search_term_string}\"},\"query-input\":{\"@type\":\"PropertyValueSpecification\",\"valueRequired\":true,\"valueName\":\"search_term_string\"}}],\"inLanguage\":\"ca\"},{\"@type\":\"Organization\",\"@id\":\"https:\/\/www.learning-s-cool.com\/#organization\",\"name\":\"Learning S-cool\",\"url\":\"https:\/\/www.learning-s-cool.com\/\",\"logo\":{\"@type\":\"ImageObject\",\"inLanguage\":\"ca\",\"@id\":\"https:\/\/www.learning-s-cool.com\/#\/schema\/logo\/image\/\",\"url\":\"https:\/\/www.learning-s-cool.com\/wp-content\/uploads\/2024\/03\/logo.png\",\"contentUrl\":\"https:\/\/www.learning-s-cool.com\/wp-content\/uploads\/2024\/03\/logo.png\",\"width\":387,\"height\":292,\"caption\":\"Learning S-cool\"},\"image\":{\"@id\":\"https:\/\/www.learning-s-cool.com\/#\/schema\/logo\/image\/\"}}]}<\/script>\n<!-- \/ Yoast SEO plugin. -->","yoast_head_json":{"title":"Contacte - Learning S-cool","robots":{"index":"index","follow":"follow","max-snippet":"max-snippet:-1","max-image-preview":"max-image-preview:large","max-video-preview":"max-video-preview:-1"},"canonical":"https:\/\/www.learning-s-cool.com\/ca\/contacte\/","og_locale":"ca_ES","og_type":"article","og_title":"Contacte - Learning S-cool","og_url":"https:\/\/www.learning-s-cool.com\/ca\/contacte\/","og_site_name":"Learning S-cool","article_modified_time":"2024-04-04T10:25:19+00:00","og_image":[{"url":"https:\/\/www.learning-s-cool.com\/wp-content\/uploads\/2024\/03\/contacto.jpg","type":"","width":"","height":""}],"twitter_card":"summary_large_image","schema":{"@context":"https:\/\/schema.org","@graph":[{"@type":"WebPage","@id":"https:\/\/www.learning-s-cool.com\/ca\/contacte\/","url":"https:\/\/www.learning-s-cool.com\/ca\/contacte\/","name":"Contacte - Learning S-cool","isPartOf":{"@id":"https:\/\/www.learning-s-cool.com\/#website"},"primaryImageOfPage":{"@id":"https:\/\/www.learning-s-cool.com\/ca\/contacte\/#primaryimage"},"image":{"@id":"https:\/\/www.learning-s-cool.com\/ca\/contacte\/#primaryimage"},"thumbnailUrl":"https:\/\/www.learning-s-cool.com\/wp-content\/uploads\/2024\/03\/contacto.jpg","datePublished":"2024-03-08T14:31:10+00:00","dateModified":"2024-04-04T10:25:19+00:00","breadcrumb":{"@id":"https:\/\/www.learning-s-cool.com\/ca\/contacte\/#breadcrumb"},"inLanguage":"ca","potentialAction":[{"@type":"ReadAction","target":["https:\/\/www.learning-s-cool.com\/ca\/contacte\/"]}]},{"@type":"ImageObject","inLanguage":"ca","@id":"https:\/\/www.learning-s-cool.com\/ca\/contacte\/#primaryimage","url":"https:\/\/www.learning-s-cool.com\/wp-content\/uploads\/2024\/03\/contacto.jpg","contentUrl":"https:\/\/www.learning-s-cool.com\/wp-content\/uploads\/2024\/03\/contacto.jpg"},{"@type":"BreadcrumbList","@id":"https:\/\/www.learning-s-cool.com\/ca\/contacte\/#breadcrumb","itemListElement":[{"@type":"ListItem","position":1,"name":"Portada","item":"https:\/\/www.learning-s-cool.com\/ca\/"},{"@type":"ListItem","position":2,"name":"Contacte"}]},{"@type":"WebSite","@id":"https:\/\/www.learning-s-cool.com\/#website","url":"https:\/\/www.learning-s-cool.com\/","name":"Learning S-cool","description":"","publisher":{"@id":"https:\/\/www.learning-s-cool.com\/#organization"},"potentialAction":[{"@type":"SearchAction","target":{"@type":"EntryPoint","urlTemplate":"https:\/\/www.learning-s-cool.com\/?s={search_term_string}"},"query-input":{"@type":"PropertyValueSpecification","valueRequired":true,"valueName":"search_term_string"}}],"inLanguage":"ca"},{"@type":"Organization","@id":"https:\/\/www.learning-s-cool.com\/#organization","name":"Learning S-cool","url":"https:\/\/www.learning-s-cool.com\/","logo":{"@type":"ImageObject","inLanguage":"ca","@id":"https:\/\/www.learning-s-cool.com\/#\/schema\/logo\/image\/","url":"https:\/\/www.learning-s-cool.com\/wp-content\/uploads\/2024\/03\/logo.png","contentUrl":"https:\/\/www.learning-s-cool.com\/wp-content\/uploads\/2024\/03\/logo.png","width":387,"height":292,"caption":"Learning S-cool"},"image":{"@id":"https:\/\/www.learning-s-cool.com\/#\/schema\/logo\/image\/"}}]}},"_links":{"self":[{"href":"https:\/\/www.learning-s-cool.com\/ca\/wp-json\/wp\/v2\/pages\/252","targetHints":{"allow":["GET"]}}],"collection":[{"href":"https:\/\/www.learning-s-cool.com\/ca\/wp-json\/wp\/v2\/pages"}],"about":[{"href":"https:\/\/www.learning-s-cool.com\/ca\/wp-json\/wp\/v2\/types\/page"}],"author":[{"embeddable":true,"href":"https:\/\/www.learning-s-cool.com\/ca\/wp-json\/wp\/v2\/users\/1"}],"replies":[{"embeddable":true,"href":"https:\/\/www.learning-s-cool.com\/ca\/wp-json\/wp\/v2\/comments?post=252"}],"version-history":[{"count":2,"href":"https:\/\/www.learning-s-cool.com\/ca\/wp-json\/wp\/v2\/pages\/252\/revisions"}],"predecessor-version":[{"id":257,"href":"https:\/\/www.learning-s-cool.com\/ca\/wp-json\/wp\/v2\/pages\/252\/revisions\/257"}],"wp:attachment":[{"href":"https:\/\/www.learning-s-cool.com\/ca\/wp-json\/wp\/v2\/media?parent=252"}],"curies":[{"name":"wp","href":"https:\/\/api.w.org\/{rel}","templated":true}]}}