{"id":353,"date":"2024-03-08T15:30:35","date_gmt":"2024-03-08T14:30:35","guid":{"rendered":"https:\/\/www.learning-s-cool.com\/cookies\/"},"modified":"2024-04-16T12:35:49","modified_gmt":"2024-04-16T10:35:49","slug":"cookies","status":"publish","type":"page","link":"https:\/\/www.learning-s-cool.com\/ca\/cookies\/","title":{"rendered":"Cookies"},"content":{"rendered":"\r\n\t\t<div  class=\"block-c0431bce-f019-48a1-be84-6fa81e934fe9 areoi-element mx-5 mt-5\">\r\n\t\t\t\r\n\t\t\t\n\n<style>\n    a.cky-banner-element {\n        padding: 8px 30px;\n        background: #F8F9FA;\n        color: #858A8F;\n        border: 1px solid #DEE2E6;\n        box-sizing: border-box;\n        border-radius: 2px;\n        cursor: pointer;\n}\n<\/style>\n<h3>POLITICA DE COOKIES<\/h3>\n<p>\nData de vig\u00e8ncia: 16 d&#8217;abril de 2024 <br>\n\u00daltima actualitzaci\u00f3: 16 d&#8217;abril de 2024\n<\/p>\n\n&nbsp;\n<h5>Qu\u00e8 s\u00f3n les cookies?<\/h5>\n<div class=\"cookie-policy-p\"><p>Aquesta Pol\u00edtica de cookies explica qu\u00e8 s\u00f3n les cookies i com les usem, els tipus de cookies que utilitzem, \u00e9s a dir, la informaci\u00f3 que recopilem mitjan\u00e7ant cookies i com s&#8217;usa aquesta informaci\u00f3, i com administrar la configuraci\u00f3 de les cookies.<\/p> <p>Cookies S\u00f3n petits arxius de text que s&#8217;utilitzen per a emmagatzemar petits fragments d&#8217;informaci\u00f3. S&#8217;emmagatzemen en el seu dispositiu quan el lloc web es carrega en el seu navegador. Aquestes cookies ens ajuden al fet que el lloc web funcioni correctament, fer-lo m\u00e9s segur, brindar una millor experi\u00e8ncia d&#8217;usuari i comprendre com funciona el lloc web i analitzar qu\u00e8 funciona i on necessita millorar.\n Neteja<\/p><\/div>\n\n&nbsp;\n<h5>Com usem les cookies?<\/h5>\n<div class=\"cookie-policy-p\"><p>Com la majoria dels serveis en l\u00ednia, el nostre lloc web utilitza cookies pr\u00f2pies i de tercers per a diversos prop\u00f2sits. Les cookies d&#8217;origen s\u00f3n principalment necess\u00e0ries perqu\u00e8 el lloc web funcioni correctament i no recopilen cap de les seves dades d&#8217;identificaci\u00f3 personal.<\/p> <p>Les cookies de tercers utilitzades en el nostre lloc web s\u00f3n principalment per a comprendre com funciona funciona el lloc web, com interactua amb el nostre lloc web, mant\u00e9 els nostres serveis segurs, proporciona anuncis que siguin rellevants per a vost\u00e8 i, en general, li brinda una experi\u00e8ncia d&#8217;usuari millor i l&#8217;ajuda a accelerar les seves interaccions futures amb el nostre lloc web.<\/p><\/div>\n\n&nbsp;\n    <h5>Tipus de cookies que usem<\/h5>\n\n    <div class=\"cky-audit-table-element\"><\/div>\n\n&nbsp;\n    <h5 style=\"margin-bottom:20px;\">Gestionar prefer\u00e8ncies de cookies<\/h5>\n\n    <a class=\"cky-banner-element\">Ajustos de cookies<\/a> <br\/><br>\n\n    <div><p>Pot canviar les seves prefer\u00e8ncies de cookies en qualsevol moment fent clic en el bot\u00f3 de dalt. Aix\u00f2 li permetr\u00e0 tornar a visitar el b\u00e0ner de consentiment de cookies i canviar les seves prefer\u00e8ncies o retirar el seu consentiment immediatament. <\/p> <p>A m\u00e9s d&#8217;aix\u00f2, diferents navegadors proporcionen diferents m\u00e8todes per a bloquejar i eliminar les cookies utilitzades pels llocs web. Pot canviar la configuraci\u00f3 del seu navegador per a bloquejar\/eliminar les cookies. A continuaci\u00f3 s&#8217;enumeren els enlla\u00e7os als documents de suport sobre com administrar i eliminar cookies dels principals navegadors web.<\/p> <p>Chrome: <a href=\"https:\/\/support.google.com\/accounts\/answer\/32050\" target=\"_blank\" rel=\"noopener\">https:\/\/support.google.com\/accounts\/answer\/32050<\/a><\/p><p>Safari: <a href=\"https:\/\/support.apple.com\/en-in\/guide\/safari\/sfri11471\/mac\" target=\"_blank\" rel=\"noopener\">https:\/\/support.apple.com\/en-in\/guide\/safari\/sfri11471\/mac<\/a><\/p><p>Firefox: <a href=\"https:\/\/support.mozilla.org\/en-US\/kb\/clear-cookies-and-site-data-firefox?redirectslug=delete-cookies-remove-info-websites-stored&#038;redirectlocale=en-US\" target=\"_blank\" rel=\"noopener\">https:\/\/support.mozilla.org\/en-US\/kb\/clear-cookies-and-site-data-firefox?redirectslug=delete-cookies-remove-info-websites-stored&#038;redirectlocale=en-US<\/a><\/p><p>Internet Explorer: <a href=\"https:\/\/support.microsoft.com\/en-us\/topic\/how-to-delete-cookie-files-in-internet-explorer-bca9446f-d873-78de-77ba-d42645fa52fc\" target=\"_blank\" rel=\"noopener\">https:\/\/support.microsoft.com\/en-us\/topic\/how-to-delete-cookie-files-in-internet-explorer-bca9446f-d873-78de-77ba-d42645fa52fc<\/a><\/p><p>Si est\u00e0 utilitzant qualsevol altre navegador web, visiti els documents de suport oficials del seu navegador.<\/p><\/div>\n\n\n&nbsp;\n<p class=\"cookie-policy-p\">\n    Cookie Policy Generated By  <a target=\"_blank\" href=\"https:\/\/www.cookieyes.com\/?utm_source=CP&#038;utm_medium=footer&#038;utm_campaign=UW\" rel=\"noopener\">CookieYes &#8211; Cookie Policy Generator<\/a>.\n<\/p>\n\n\r\n\t\t\t \r\n\t\t<\/div>\r\n\t","protected":false},"excerpt":{"rendered":"","protected":false},"author":1,"featured_media":0,"parent":0,"menu_order":0,"comment_status":"closed","ping_status":"closed","template":"","meta":{"_acf_changed":false,"footnotes":""},"class_list":["post-353","page","type-page","status-publish","hentry"],"acf":[],"yoast_head":"<!-- This site is optimized with the Yoast SEO plugin v26.4 - https:\/\/yoast.com\/wordpress\/plugins\/seo\/ -->\n<title>Cookies - Learning S-cool<\/title>\n<meta name=\"robots\" content=\"index, follow, max-snippet:-1, max-image-preview:large, max-video-preview:-1\" \/>\n<link rel=\"canonical\" href=\"https:\/\/www.learning-s-cool.com\/cookies\/\" \/>\n<meta property=\"og:locale\" content=\"ca_ES\" \/>\n<meta property=\"og:type\" content=\"article\" \/>\n<meta property=\"og:title\" content=\"Cookies - Learning S-cool\" \/>\n<meta property=\"og:url\" content=\"https:\/\/www.learning-s-cool.com\/cookies\/\" \/>\n<meta property=\"og:site_name\" content=\"Learning S-cool\" \/>\n<meta property=\"article:modified_time\" content=\"2024-04-16T10:35:49+00:00\" \/>\n<meta name=\"twitter:card\" content=\"summary_large_image\" \/>\n<meta name=\"twitter:label1\" content=\"Temps estimat de lectura\" \/>\n\t<meta name=\"twitter:data1\" content=\"2 minuts\" \/>\n<script type=\"application\/ld+json\" class=\"yoast-schema-graph\">{\"@context\":\"https:\/\/schema.org\",\"@graph\":[{\"@type\":\"WebPage\",\"@id\":\"https:\/\/www.learning-s-cool.com\/cookies\/\",\"url\":\"https:\/\/www.learning-s-cool.com\/cookies\/\",\"name\":\"Cookies - Learning S-cool\",\"isPartOf\":{\"@id\":\"https:\/\/www.learning-s-cool.com\/#website\"},\"datePublished\":\"2024-03-08T14:30:35+00:00\",\"dateModified\":\"2024-04-16T10:35:49+00:00\",\"breadcrumb\":{\"@id\":\"https:\/\/www.learning-s-cool.com\/cookies\/#breadcrumb\"},\"inLanguage\":\"ca\",\"potentialAction\":[{\"@type\":\"ReadAction\",\"target\":[\"https:\/\/www.learning-s-cool.com\/cookies\/\"]}]},{\"@type\":\"BreadcrumbList\",\"@id\":\"https:\/\/www.learning-s-cool.com\/cookies\/#breadcrumb\",\"itemListElement\":[{\"@type\":\"ListItem\",\"position\":1,\"name\":\"Portada\",\"item\":\"https:\/\/www.learning-s-cool.com\/ca\/\"},{\"@type\":\"ListItem\",\"position\":2,\"name\":\"Cookies\"}]},{\"@type\":\"WebSite\",\"@id\":\"https:\/\/www.learning-s-cool.com\/#website\",\"url\":\"https:\/\/www.learning-s-cool.com\/\",\"name\":\"Learning S-cool\",\"description\":\"\",\"publisher\":{\"@id\":\"https:\/\/www.learning-s-cool.com\/#organization\"},\"potentialAction\":[{\"@type\":\"SearchAction\",\"target\":{\"@type\":\"EntryPoint\",\"urlTemplate\":\"https:\/\/www.learning-s-cool.com\/?s={search_term_string}\"},\"query-input\":{\"@type\":\"PropertyValueSpecification\",\"valueRequired\":true,\"valueName\":\"search_term_string\"}}],\"inLanguage\":\"ca\"},{\"@type\":\"Organization\",\"@id\":\"https:\/\/www.learning-s-cool.com\/#organization\",\"name\":\"Learning S-cool\",\"url\":\"https:\/\/www.learning-s-cool.com\/\",\"logo\":{\"@type\":\"ImageObject\",\"inLanguage\":\"ca\",\"@id\":\"https:\/\/www.learning-s-cool.com\/#\/schema\/logo\/image\/\",\"url\":\"https:\/\/www.learning-s-cool.com\/wp-content\/uploads\/2024\/03\/logo.png\",\"contentUrl\":\"https:\/\/www.learning-s-cool.com\/wp-content\/uploads\/2024\/03\/logo.png\",\"width\":387,\"height\":292,\"caption\":\"Learning S-cool\"},\"image\":{\"@id\":\"https:\/\/www.learning-s-cool.com\/#\/schema\/logo\/image\/\"}}]}<\/script>\n<!-- \/ Yoast SEO plugin. -->","yoast_head_json":{"title":"Cookies - Learning S-cool","robots":{"index":"index","follow":"follow","max-snippet":"max-snippet:-1","max-image-preview":"max-image-preview:large","max-video-preview":"max-video-preview:-1"},"canonical":"https:\/\/www.learning-s-cool.com\/cookies\/","og_locale":"ca_ES","og_type":"article","og_title":"Cookies - Learning S-cool","og_url":"https:\/\/www.learning-s-cool.com\/cookies\/","og_site_name":"Learning S-cool","article_modified_time":"2024-04-16T10:35:49+00:00","twitter_card":"summary_large_image","twitter_misc":{"Temps estimat de lectura":"2 minuts"},"schema":{"@context":"https:\/\/schema.org","@graph":[{"@type":"WebPage","@id":"https:\/\/www.learning-s-cool.com\/cookies\/","url":"https:\/\/www.learning-s-cool.com\/cookies\/","name":"Cookies - Learning S-cool","isPartOf":{"@id":"https:\/\/www.learning-s-cool.com\/#website"},"datePublished":"2024-03-08T14:30:35+00:00","dateModified":"2024-04-16T10:35:49+00:00","breadcrumb":{"@id":"https:\/\/www.learning-s-cool.com\/cookies\/#breadcrumb"},"inLanguage":"ca","potentialAction":[{"@type":"ReadAction","target":["https:\/\/www.learning-s-cool.com\/cookies\/"]}]},{"@type":"BreadcrumbList","@id":"https:\/\/www.learning-s-cool.com\/cookies\/#breadcrumb","itemListElement":[{"@type":"ListItem","position":1,"name":"Portada","item":"https:\/\/www.learning-s-cool.com\/ca\/"},{"@type":"ListItem","position":2,"name":"Cookies"}]},{"@type":"WebSite","@id":"https:\/\/www.learning-s-cool.com\/#website","url":"https:\/\/www.learning-s-cool.com\/","name":"Learning S-cool","description":"","publisher":{"@id":"https:\/\/www.learning-s-cool.com\/#organization"},"potentialAction":[{"@type":"SearchAction","target":{"@type":"EntryPoint","urlTemplate":"https:\/\/www.learning-s-cool.com\/?s={search_term_string}"},"query-input":{"@type":"PropertyValueSpecification","valueRequired":true,"valueName":"search_term_string"}}],"inLanguage":"ca"},{"@type":"Organization","@id":"https:\/\/www.learning-s-cool.com\/#organization","name":"Learning S-cool","url":"https:\/\/www.learning-s-cool.com\/","logo":{"@type":"ImageObject","inLanguage":"ca","@id":"https:\/\/www.learning-s-cool.com\/#\/schema\/logo\/image\/","url":"https:\/\/www.learning-s-cool.com\/wp-content\/uploads\/2024\/03\/logo.png","contentUrl":"https:\/\/www.learning-s-cool.com\/wp-content\/uploads\/2024\/03\/logo.png","width":387,"height":292,"caption":"Learning S-cool"},"image":{"@id":"https:\/\/www.learning-s-cool.com\/#\/schema\/logo\/image\/"}}]}},"_links":{"self":[{"href":"https:\/\/www.learning-s-cool.com\/ca\/wp-json\/wp\/v2\/pages\/353","targetHints":{"allow":["GET"]}}],"collection":[{"href":"https:\/\/www.learning-s-cool.com\/ca\/wp-json\/wp\/v2\/pages"}],"about":[{"href":"https:\/\/www.learning-s-cool.com\/ca\/wp-json\/wp\/v2\/types\/page"}],"author":[{"embeddable":true,"href":"https:\/\/www.learning-s-cool.com\/ca\/wp-json\/wp\/v2\/users\/1"}],"replies":[{"embeddable":true,"href":"https:\/\/www.learning-s-cool.com\/ca\/wp-json\/wp\/v2\/comments?post=353"}],"version-history":[{"count":1,"href":"https:\/\/www.learning-s-cool.com\/ca\/wp-json\/wp\/v2\/pages\/353\/revisions"}],"predecessor-version":[{"id":355,"href":"https:\/\/www.learning-s-cool.com\/ca\/wp-json\/wp\/v2\/pages\/353\/revisions\/355"}],"wp:attachment":[{"href":"https:\/\/www.learning-s-cool.com\/ca\/wp-json\/wp\/v2\/media?parent=353"}],"curies":[{"name":"wp","href":"https:\/\/api.w.org\/{rel}","templated":true}]}}